{"id":11,"date":"2023-08-02T14:02:37","date_gmt":"2023-08-02T12:02:37","guid":{"rendered":"https:\/\/www.ssre2024.ch\/?page_id=11"},"modified":"2024-06-26T09:35:46","modified_gmt":"2024-06-26T07:35:46","slug":"tema","status":"publish","type":"page","link":"https:\/\/www.ssre2024.ch\/index.php\/tema\/","title":{"rendered":"Tematica"},"content":{"rendered":"\n<h2 class=\"wp-block-heading\">Le competenze trasversali in ambito educativo e formativo: dai discorsi alle pratiche<\/h2>\n\n\n\n<p>Nelle societ\u00e0 occidentali contemporanee, le competenze trasversali (o <em>soft skills<\/em>) vengono sovente considerate risorse essenziali che dovrebbero consentire maggiore flessibilit\u00e0 e facolt\u00e0 di adattamento alle rapide trasformazioni della societ\u00e0.<\/p>\n\n\n\n<p>Nel mondo della scuola, il tema delle competenze trasversali \u00e8 ricorrente per non dire alla moda. Tali competenze permetterebbero di preparare le persone al mondo adulto e in particolare al mondo del lavoro.<\/p>\n\n\n\n<p>Esse sono inoltre oggetto di categorizzazione e formalizzazione crescente e trovano spazio nei vari programmi e piani di studio quali competenze oggettivabili, identificabili e di conseguenza allenabili. In particolare, la letteratura scientifica (e non) abbonda di definizioni e di elenchi rispetto a tali competenze trasversali: quali dovrebbero essere, quale sarebbe la loro natura, come andrebbero promosse e\/o sviluppate. A dispetto di questa centralit\u00e0, le competenze trasversali rimangono un universo polisemico, un costrutto teorico e discorsivo di non facile comprensione. Esse vengono sovente brandite come soluzione miracolosa per affrontare problemi complessi e tendono a rappresentare un\u2019ingiunzione educativa e formativa ricca di promesse e potenzialit\u00e0 che in fasi di applicazione si traduce per\u00f2 spesso in approcci ancora legati a obiettivi e contenuti disciplinari di stampo pi\u00f9 tradizionale.<\/p>\n\n\n\n<p>Se effettivamente tali competenze sono utili da sviluppare e da applicare sia a scuola e che nella vita quotidiana, \u00e8 altres\u00ec importante andare oltre definizioni retoriche e applicazioni di uso immediato e darsi il tempo e i mezzi per analizzare e comprendere quegli ostacoli, quegli aspetti critici e pi\u00f9 in generale quelle aree di tensione che i numerosi discorsi sulle competenze trasversali tendono a nascondere.<\/p>\n\n\n\n<p>In tal senso, il Congresso della Societ\u00e0 svizzera di ricerca in educazione 2024 intende offrire un\u2019opportunit\u00e0 privilegiata per discutere in maniera approfondita e critica delle competenze trasversali, capirne il ruolo reale e concreto che svolgono nel mondo della scuola e della formazione, tematizzarne le buone pratiche e le modalit\u00e0 di sviluppo, identificarne e coglierne i benefici reali che potrebbero apportare in ambito educativo e formativo.<\/p>\n\n\n\n<div style=\"height:50px\" aria-hidden=\"true\" class=\"wp-block-spacer\"><\/div>\n\n\n\n<div class=\"wp-block-buttons is-layout-flex wp-block-buttons-is-layout-flex\">\n<div class=\"wp-block-button\"><a class=\"wp-block-button__link wp-element-button\" href=\"https:\/\/www.ssre2024.ch\/wp-content\/uploads\/2024\/05\/2024_Congresso_SSRE_book_of_abstract_A4-v-5.pdf\">Book of Abstracts<\/a><\/div>\n<\/div>\n","protected":false},"excerpt":{"rendered":"<p>Le competenze trasversali in ambito educativo e formativo: dai discorsi alle pratiche Nelle societ\u00e0 occidentali contemporanee, le competenze trasversali (o soft skills) vengono sovente considerate risorse essenziali che dovrebbero consentire maggiore flessibilit\u00e0 e facolt\u00e0 di adattamento alle rapide trasformazioni della societ\u00e0. Nel mondo della scuola, il tema delle competenze trasversali [&hellip;]<\/p>\n","protected":false},"author":1,"featured_media":0,"parent":0,"menu_order":0,"comment_status":"closed","ping_status":"closed","template":"pages-template.php","meta":{"footnotes":""},"class_list":["post-11","page","type-page","status-publish","hentry"],"_links":{"self":[{"href":"https:\/\/www.ssre2024.ch\/index.php\/wp-json\/wp\/v2\/pages\/11","targetHints":{"allow":["GET"]}}],"collection":[{"href":"https:\/\/www.ssre2024.ch\/index.php\/wp-json\/wp\/v2\/pages"}],"about":[{"href":"https:\/\/www.ssre2024.ch\/index.php\/wp-json\/wp\/v2\/types\/page"}],"author":[{"embeddable":true,"href":"https:\/\/www.ssre2024.ch\/index.php\/wp-json\/wp\/v2\/users\/1"}],"replies":[{"embeddable":true,"href":"https:\/\/www.ssre2024.ch\/index.php\/wp-json\/wp\/v2\/comments?post=11"}],"version-history":[{"count":8,"href":"https:\/\/www.ssre2024.ch\/index.php\/wp-json\/wp\/v2\/pages\/11\/revisions"}],"predecessor-version":[{"id":1778,"href":"https:\/\/www.ssre2024.ch\/index.php\/wp-json\/wp\/v2\/pages\/11\/revisions\/1778"}],"wp:attachment":[{"href":"https:\/\/www.ssre2024.ch\/index.php\/wp-json\/wp\/v2\/media?parent=11"}],"curies":[{"name":"wp","href":"https:\/\/api.w.org\/{rel}","templated":true}]}}