{"id":141,"date":"2023-09-06T15:44:37","date_gmt":"2023-09-06T13:44:37","guid":{"rendered":"https:\/\/www.ssre2024.ch\/index.php\/call-for-paper\/"},"modified":"2024-01-08T15:53:38","modified_gmt":"2024-01-08T14:53:38","slug":"call-for-paper","status":"publish","type":"page","link":"https:\/\/www.ssre2024.ch\/index.php\/call-for-paper\/?lang=fr","title":{"rendered":"Appel \u00e0 contributions"},"content":{"rendered":"\n<p>Les communaut\u00e9s des chercheuses et chercheurs, ainsi que les formatrices et formateurs, les enseignantes et enseignants, les intervenantes et intervenants dans le domaine p\u00e9dagogique ainsi que les \u00e9tudiantes et \u00e9tudiants sont invit\u00e9-e-s \u00e0 soumettre des contributions sur le th\u00e8me des comp\u00e9tences transversales dans le domaine de l&#8217;\u00e9ducation et de la formation.<br\/>Le congr\u00e8s SSRE 2024 entend offrir une occasion privil\u00e9gi\u00e9e de discuter du th\u00e8me de mani\u00e8re approfondie et critique, de comprendre le r\u00f4le concret que jouent les comp\u00e9tences transversales dans le monde de l&#8217;\u00e9ducation et de la formation, de th\u00e9matiser les bonnes pratiques et la mani\u00e8re dont elles pourraient \u00eatre d\u00e9velopp\u00e9es, et d&#8217;identifier les avantages qu&#8217;elles pourraient apporter dans les sph\u00e8res de l&#8217;\u00e9ducation et de la formation.<br\/>Les contributions peuvent \u00eatre pr\u00e9sent\u00e9es dans l&#8217;un des formats suivants : contributions individuelles, posters de recherche, symposiums, sessions collectives. Pour chacun des formats, une orientation ax\u00e9e sur la recherche ou la pratique peut \u00eatre choisie. Veuillez vous r\u00e9f\u00e9rer au document d&#8217;appel \u00e0 contributions pour plus de d\u00e9tails.<br\/>L&#8217;appel \u00e0 contributions est maintenant ouvert. Les contributions peuvent \u00eatre soumises jusqu&#8217;au <s>15 novembre 2023 <\/s><strong>7 janvier 2024<\/strong>, via le lien correspondant.<\/p>\n\n<div style=\"height:40px\" aria-hidden=\"true\" class=\"wp-block-spacer\"><\/div>\n\n<div class=\"wp-block-buttons is-layout-flex wp-block-buttons-is-layout-flex\">\n<div class=\"wp-block-button\"><a class=\"wp-block-button__link wp-element-button\" href=\"https:\/\/www.ssre2024.ch\/wp-content\/uploads\/2023\/09\/2023_SSRE_call_FR_DEF.pdf\">Appel \u00e0 contributions<\/a><\/div>\n<\/div>\n\n<div style=\"height:40px\" aria-hidden=\"true\" class=\"wp-block-spacer\"><\/div>\n\n<p>Chaque proposition de contribution individuelle, de poster ou de symposium sera \u00e9valu\u00e9e par deux membres du comit\u00e9 scientifique \u00e9largi (\u00e9valuation par les pairs en double aveugle), tandis que les propositions de sessions collectives seront \u00e9valu\u00e9es par les membres du comit\u00e9 d&#8217;organisation du congr\u00e8s.<\/p>\n\n<div style=\"height:40px\" aria-hidden=\"true\" class=\"wp-block-spacer\"><\/div>\n\n<div class=\"wp-block-buttons is-layout-flex wp-block-buttons-is-layout-flex\">\n<div class=\"wp-block-button\"><a class=\"wp-block-button__link wp-element-button\" href=\"https:\/\/www.conftool.com\/ssre2024\">Soumettre une contribution<\/a><\/div>\n<\/div>\n\n<div style=\"height:40px\" aria-hidden=\"true\" class=\"wp-block-spacer\"><\/div>\n\n<h2 class=\"wp-block-heading\">Orientation de la contribution<\/h2>\n\n<p>Il est possible de soumettre des contributions bas\u00e9es sur la recherche ou sur la pratique. Veuillez indiquer votre choix :<\/p>\n\n<p><strong>Contribution ax\u00e9e sur la recherche<\/strong><br\/>Les contributions ax\u00e9es sur la recherche illustrent des projets de recherche achev\u00e9s ou en cours, ax\u00e9s sur la th\u00e9orie et la revue de la litt\u00e9rature et\/ou l&#8217;analyse de donn\u00e9es empiriques. Les activit\u00e9s pratiques des articles ax\u00e9s sur la recherche peuvent inclure une d\u00e9monstration d&#8217;un outil de collecte de donn\u00e9es, ou une analyse collaborative d&#8217;un ensemble r\u00e9duit de donn\u00e9es, etc. <br\/><\/p>\n\n<p><strong>Contribution ax\u00e9e sur la pratique <\/strong><br\/>Les contributions ax\u00e9es sur la pratique rendent compte d&#8217;exp\u00e9riences formelles ou informelles d&#8217;enseignement\/formation et\/ou d&#8217;apprentissage men\u00e9es sur le terrain, en mettant l&#8217;accent sur leur mise en \u0153uvre et leur impact. Tout en \u00e9tant ax\u00e9es sur la pratique, elles doivent inclure un cadre th\u00e9orique ad\u00e9quat et des preuves empiriques pour \u00e9tayer les affirmations et les intuitions. Les activit\u00e9s pratiques pour les contributions ax\u00e9es sur la pratique peuvent inclure une d\u00e9monstration d&#8217;un outil d&#8217;apprentissage, ou l\u2019application d&#8217;une courte activit\u00e9 en classe, etc.<\/p>\n\n<h2 class=\"wp-block-heading\">Formats de pr\u00e9sentation<\/h2>\n\n<p><strong>Contribution individuelle<\/strong> <br\/>La contribution individuelle, dont un ou plusieurs auteur\u00b7e\u00b7s peuvent \u00eatre responsables, consiste en une pr\u00e9sentation de 15 minutes, suivie de 5 minutes de questions et de discussion. Elle peut \u00eatre ax\u00e9e sur la recherche ou la pratique et la pr\u00e9sentation peut inclure une activit\u00e9 pratique. Dans la mesure du possible, les contributions individuelles seront regroup\u00e9es en sessions de 3 ou 4 articles sur des sujets similaires. Les contributions doivent \u00eatre soumises dans un format anonyme : les auteur-e-s ne doivent pas mentionner leur nom et leur organisation d&#8217;affiliation.<br\/><strong>Poster de recherche<\/strong><br\/>Le poster de recherche peut \u00eatre con\u00e7u par un ou plusieurs auteur\u00b7e\u00b7s et pr\u00e9senter un projet de recherche achev\u00e9 ou en cours. Les posters sont particuli\u00e8rement adapt\u00e9s \u00e0 la pr\u00e9sentation de r\u00e9sultats interm\u00e9diaires ou pr\u00e9liminaires et peuvent \u00eatre orient\u00e9s vers la recherche ou la pratique. Les auteur\u00b7e\u00b7s sont responsables de l&#8217;impression du poster au format A0 portrait. Les posters seront pr\u00e9sent\u00e9s lors d&#8217;une session collective d\u00e9di\u00e9e. <br\/><strong>Symposium<\/strong><br\/>Le symposium r\u00e9unit des chercheurs et des chercheuses d&#8217;au moins deux institutions distinctes sur un sujet commun clairement identifiable, organis\u00e9 et coordonn\u00e9 par un\u00b7e ou plusieur\u00b7e\u00b7s auteur\u00b7e\u00b7s. Le symposium dure 90 minutes et comprend g\u00e9n\u00e9ralement trois pr\u00e9sentations (exceptionnellement quatre), suivies d&#8217;une discussion. Chaque pr\u00e9sentation dure 15 minutes et concerne un projet ou un sujet diff\u00e9rent mais compl\u00e9mentaire par rapport au th\u00e8me commun. Les symposiums multilingues sont possibles et bienvenus. Une personne d\u00e9sign\u00e9e par les auteur\u00b7es responsables du symposium, autre que les intervenant\u00b7e\u00b7s, assume le r\u00f4le de <em>discutant<\/em>\u00b7e et lance la discussion par une contribution critique puis mod\u00e8re le d\u00e9bat qui s&#8217;ensuit. Pour la discussion il faudra pr\u00e9voir au moins 45 minutes. Les documents pr\u00e9sent\u00e9s lors des symposiums seront \u00e9galement \u00e9valu\u00e9s individuellement et peuvent \u00eatre ax\u00e9s sur la recherche ou la pratique. Les contributions doivent \u00eatre soumises dans un format anonyme : les auteur-e-s ne doivent pas mentionner leur nom et leur organisation d&#8217;affiliation.<br\/><strong>Session collective<\/strong><br\/>La session collective offre un espace ouvert de discussion et de partage d&#8217;id\u00e9es dans un cadre moins formel mais structur\u00e9. Les auteur\u00b7e\u00b7s pr\u00e9parent un bref stimulus pour l&#8217;interaction et\/ou invitent un ou plusieurs orateurs ou oratrices et assument eux\/elles-m\u00eames la mod\u00e9ration de la session. La session collective dure 90 minutes et peut prendre la forme d&#8217;une table ronde, d&#8217;un atelier, d&#8217;un d\u00e9bat pour ou contre, etc. Au moins 45 minutes doivent \u00eatre r\u00e9serv\u00e9es \u00e0 la discussion ou \u00e0 l&#8217;interaction. Les sessions collectives peuvent \u00eatre ax\u00e9es sur la recherche ou sur la pratique.<\/p>\n\n<div style=\"height:40px\" aria-hidden=\"true\" class=\"wp-block-spacer\"><\/div>\n\n<div class=\"wp-block-buttons is-layout-flex wp-block-buttons-is-layout-flex\">\n<div class=\"wp-block-button\"><a class=\"wp-block-button__link wp-element-button\" href=\"https:\/\/www.ssre2024.ch\/wp-content\/uploads\/2023\/09\/2023_SSRE_call_FR_DEF.pdf\">Appel \u00e0 contributions<\/a><\/div>\n<\/div>\n\n<div style=\"height:40px\" aria-hidden=\"true\" class=\"wp-block-spacer\"><\/div>\n\n<div class=\"wp-block-buttons is-layout-flex wp-block-buttons-is-layout-flex\">\n<div class=\"wp-block-button\"><a class=\"wp-block-button__link wp-element-button\" href=\"https:\/\/www.conftool.com\/ssre2024\">Soumettre une contribution<\/a><\/div>\n<\/div>\n","protected":false},"excerpt":{"rendered":"<p>Les communaut\u00e9s des chercheuses et chercheurs, ainsi que les formatrices et formateurs, les enseignantes et enseignants, les intervenantes et intervenants dans le domaine p\u00e9dagogique ainsi que les \u00e9tudiantes et \u00e9tudiants sont invit\u00e9-e-s \u00e0 soumettre des contributions sur le th\u00e8me des comp\u00e9tences transversales dans le domaine de l&#8217;\u00e9ducation et de la [&hellip;]<\/p>\n","protected":false},"author":1,"featured_media":0,"parent":0,"menu_order":0,"comment_status":"closed","ping_status":"closed","template":"pages-template.php","meta":{"footnotes":""},"class_list":["post-141","page","type-page","status-publish","hentry"],"_links":{"self":[{"href":"https:\/\/www.ssre2024.ch\/index.php\/wp-json\/wp\/v2\/pages\/141","targetHints":{"allow":["GET"]}}],"collection":[{"href":"https:\/\/www.ssre2024.ch\/index.php\/wp-json\/wp\/v2\/pages"}],"about":[{"href":"https:\/\/www.ssre2024.ch\/index.php\/wp-json\/wp\/v2\/types\/page"}],"author":[{"embeddable":true,"href":"https:\/\/www.ssre2024.ch\/index.php\/wp-json\/wp\/v2\/users\/1"}],"replies":[{"embeddable":true,"href":"https:\/\/www.ssre2024.ch\/index.php\/wp-json\/wp\/v2\/comments?post=141"}],"version-history":[{"count":1,"href":"https:\/\/www.ssre2024.ch\/index.php\/wp-json\/wp\/v2\/pages\/141\/revisions"}],"predecessor-version":[{"id":733,"href":"https:\/\/www.ssre2024.ch\/index.php\/wp-json\/wp\/v2\/pages\/141\/revisions\/733"}],"wp:attachment":[{"href":"https:\/\/www.ssre2024.ch\/index.php\/wp-json\/wp\/v2\/media?parent=141"}],"curies":[{"name":"wp","href":"https:\/\/api.w.org\/{rel}","templated":true}]}}