{"id":17,"date":"2023-08-02T14:03:24","date_gmt":"2023-08-02T12:03:24","guid":{"rendered":"https:\/\/www.ssre2024.ch\/?page_id=17"},"modified":"2024-05-28T11:33:37","modified_gmt":"2024-05-28T09:33:37","slug":"iscrizione","status":"publish","type":"page","link":"https:\/\/www.ssre2024.ch\/index.php\/iscrizione\/","title":{"rendered":"Iscrizione"},"content":{"rendered":"\n<p>Non \u00e8 purtroppo pi\u00f9 possibile iscriversi al Congresso SSRE 2024 in quanto \u00e8 stato raggiunto il numero massimo di partecipanti. Se sei un autore o un&#8217;autrice e non sei ancora iscritto\/a contatta la segreteria all&#8217;indirizzo <a href=\"mailto:ssre2024@supsi.ch\">ssre2024@supsi.ch<\/a><\/p>\n\n\n\n<div style=\"height:40px\" aria-hidden=\"true\" class=\"wp-block-spacer\"><\/div>\n\n\n\n<div style=\"height:40px\" aria-hidden=\"true\" class=\"wp-block-spacer\"><\/div>\n\n\n\n<h2 class=\"wp-block-heading\">Quote d\u2019iscrizione<\/h2>\n\n\n\n<p><strong>Early Bird<\/strong> (fino al 30 aprile 2024)<\/p>\n\n\n\n<p>Membri SSRE e\/o SSFI, collaboratrici e collaboratori SUPSI e\/o SUFFP<br>CHF 240.00<br><\/p>\n\n\n\n<p>Non membri <br>CHF 300.00<br><\/p>\n\n\n\n<p>Studentesse e studenti, Dottorande e dottorandi<br>CHF 80.00<\/p>\n\n\n\n<div style=\"height:14px\" aria-hidden=\"true\" class=\"wp-block-spacer\"><\/div>\n\n\n\n<p>Formazione continua docenti (Cantone Ticino)<br>CHF 100.00<\/p>\n\n\n\n<p><br><br><strong>Regolare<\/strong> (dal 1\u00b0 maggio 2024)<\/p>\n\n\n\n<p>Membri SSRE e\/o SSFI, collaboratrici e collaboratori SUPSI e\/o SUFFP<br>CHF 280.00<br><\/p>\n\n\n\n<p>Non membri <br>CHF 350.00<br><\/p>\n\n\n\n<p>Studentesse e studenti, Dottorande e dottorandi<br>CHF 100.00<\/p>\n\n\n\n<div style=\"height:9px\" aria-hidden=\"true\" class=\"wp-block-spacer\"><\/div>\n\n\n\n<p>Formazione continua docenti (Cantone Ticino)<br>CHF 100.00<\/p>\n\n\n\n<div style=\"height:40px\" aria-hidden=\"true\" class=\"wp-block-spacer\"><\/div>\n\n\n\n<p>Nelle quote d&#8217;iscrizione sono compresi:<\/p>\n\n\n\n<ul class=\"wp-block-list\">\n<li>La registrazione al congresso;<\/li>\n\n\n\n<li>L\u2019aperitivo di benvenuto\/a di mercoled\u00ec 26 giugno;<\/li>\n\n\n\n<li>I pranzi del gioved\u00ec 27 e venerd\u00ec 28 giugno;<\/li>\n\n\n\n<li>Le pause caff\u00e8;<\/li>\n\n\n\n<li>Un congress bag.<\/li>\n<\/ul>\n\n\n\n<div style=\"height:47px\" aria-hidden=\"true\" class=\"wp-block-spacer\"><\/div>\n\n\n\n<p class=\"has-medium-font-size\"><strong>Attivit\u00e0 ricreative<\/strong><\/p>\n\n\n\n<p class=\"has-medium-font-size\"><strong>Social dinner,<\/strong> Blu Restaurant &amp; Lounge, Locarno, gioved\u00ec 27 giugno 2024, ore 19.15<br>CHF 80.00<\/p>\n\n\n\n<p class=\"has-medium-font-size\"><strong>Escursione sul lago Maggiore<\/strong>, sabato 29 giugno 2024, 08.30-12.00<br>CHF 50.00<\/p>\n\n\n\n<div style=\"height:52px\" aria-hidden=\"true\" class=\"wp-block-spacer\"><\/div>\n\n\n\n<h2 class=\"wp-block-heading\">Alloggio durante il congresso<\/h2>\n\n\n\n<p>Care e cari partecipanti, vi consigliamo vivamente di prenotare al pi\u00f9 presto la vostra camera d\u2019albergo poich\u00e9 la fine di giugno \u00e8 considerata alta stagione. Abbiamo concluso degli accordi con alcuni hotel per garantirvi tariffe speciali, come potete vedere dalla lista qui di seguito. In alternativa, potete anche cercare autonomamente il vostro hotel preferito, ad esempio tramite le piattaforme online pi\u00f9 conosciute. Vi raccomandiamo comunque di non attendere. Ricordate di prenotare anche la notte del venerd\u00ec (28) per poter partecipare alla fantastica escursione sul lago che stiamo preparando per voi per il sabato 29 al mattino!<\/p>\n\n\n\n<div style=\"height:60px\" aria-hidden=\"true\" class=\"wp-block-spacer\"><\/div>\n\n\n\n<h2 class=\"wp-block-heading\">Hotel Garni Muralto 3*<\/h2>\n\n\n\n<p>Via Sempione 10 <br>6600 Muralto &#8211; Locarno, Switzerland <br>+41 091 735 30 60 <br><a href=\"mailto:info@hotelmuralto.ch\">info@hotelmuralto.ch<\/a><\/p>\n\n\n\n<ol class=\"wp-block-list\">\n<li>Camera doppia Queen ad uso singolo, senza balcone: CHF 129.00 a camera, a notte, 1 persona, colazione compresa. Tassa di soggiorno non compresa.<br>Camera doppia Confort ad uso singolo, con balcone: CHF 159.00 a camera, a notte, 1 persona, colazione compresa. Tassa di soggiorno non compresa.<\/li>\n\n\n\n<li>Prenotazione tramite E-mail: <a href=\"mailto:info@hotelmuralto.ch\">info@hotelmuralto.ch<\/a> con codice: SSRE 2024.<\/li>\n\n\n\n<li>Camere non riservate, affrettarsi a prenotare.<\/li>\n<\/ol>\n\n\n\n<div style=\"height:40px\" aria-hidden=\"true\" class=\"wp-block-spacer\"><\/div>\n\n\n\n<h2 class=\"wp-block-heading\">Hotel Geranio au Lac 3*<\/h2>\n\n\n\n<p>Viale Verbano 13 <br>6600 Muralto- Locarno, Switzerland <br>Tel. +41 91 735 80 00 <br><a href=\"mailto:smart@hotelgeranio.ch\">smart@hotelgeranio.ch<\/a><\/p>\n\n\n\n<div style=\"height:20px\" aria-hidden=\"true\" class=\"wp-block-spacer\"><\/div>\n\n\n\n<ol class=\"wp-block-list\">\n<li>Accedere <a href=\"https:\/\/www.hotelgeranio.ch\/\">https:\/\/www.hotelgeranio.ch\/<\/a><\/li>\n\n\n\n<li>Inserire il codice promozionale personalizzato SSRE2024 nel riquadro apposito Codice promozionale sulla schermata principale del sito web. <\/li>\n\n\n\n<li>Lo sconto verr\u00e0 applicato automaticamente.<\/li>\n\n\n\n<li>Camere non riservate, affrettarsi a prenotare.<\/li>\n<\/ol>\n\n\n\n<div style=\"height:40px\" aria-hidden=\"true\" class=\"wp-block-spacer\"><\/div>\n\n\n\n<h2 class=\"wp-block-heading\">Hotel City Locarno 3*<\/h2>\n\n\n\n<p>Centro Pestalozzi, Via G. Cattori 4 <br>6600 Locarno, Switzerland <br>Tel. +41 91 601 88 10 <br><a href=\"mailto:city@hotelcitylocarno.ch\">city@hotelcitylocarno.ch<\/a><\/p>\n\n\n\n<div style=\"height:20px\" aria-hidden=\"true\" class=\"wp-block-spacer\"><\/div>\n\n\n\n<ol class=\"wp-block-list\">\n<li>Accedere <a href=\"https:\/\/www.hotelcitylocarno.ch\/\">https:\/\/www.hotelcitylocarno.ch\/<\/a><\/li>\n\n\n\n<li>Inserire il codice promozionale personalizzato SSRE2024 nel riquadro apposito Codice promozionale sulla schermata principale del sito web. <\/li>\n\n\n\n<li>Lo sconto verr\u00e0 applicato automaticamente.<\/li>\n\n\n\n<li>Camere non riservate, affrettarsi a prenotare.<\/li>\n<\/ol>\n\n\n\n<div style=\"height:40px\" aria-hidden=\"true\" class=\"wp-block-spacer\"><\/div>\n\n\n\n<h2 class=\"wp-block-heading\">Hotel Dell&#8217;Angelo 3*<\/h2>\n\n\n\n<p>Piazza Grande <br>6600 Locarno, Switzerland <br>Tel. +41 91 759 68 68 <br><a href=\"mailto:hotel@dellangelo.ch\">hotel@dellangelo.ch<\/a><\/p>\n\n\n\n<div style=\"height:20px\" aria-hidden=\"true\" class=\"wp-block-spacer\"><\/div>\n\n\n\n<ol class=\"wp-block-list\">\n<li>Tariffa speciale: CHF 135.- per camera, per notte, con la prima colazione a buffet + tasse turistiche (soggiorno \/ promozione turistica): CHF 4.65 per persona, per notte.<\/li>\n\n\n\n<li>Prenotazione tramite E-mail: <a href=\"mailto:hotel@dellangelo.ch\">hotel@dellangelo.ch<\/a> con codice: SSRE 2024.<\/li>\n\n\n\n<li>Camere non riservate, affettarsi a prenotare.<\/li>\n\n\n\n<li>Info: Parcheggi coperti nel Parking Castello, a 200m dall\u2019hotel, alla tariffa di CHF 15.- al giorno. Ritirare il biglietto alla reception dell\u2019hotel.<\/li>\n<\/ol>\n\n\n\n<div style=\"height:55px\" aria-hidden=\"true\" class=\"wp-block-spacer\"><\/div>\n\n\n\n<p><\/p>\n\n\n\n<h2 class=\"wp-block-heading\">Ibis Locarno 3*<\/h2>\n\n\n\n<p>Via Giuseppe Cattori, 6 <br>6600 Muralto Locarno, Switzerland <br>Tel. +41 091 756 2626 <br>Fax +41 091 756 2600 <br><a href=\"mailto:h6834@accor.com\">h6834@accor.com<\/a><\/p>\n\n\n\n<div style=\"height:20px\" aria-hidden=\"true\" class=\"wp-block-spacer\"><\/div>\n\n\n\n<ol class=\"wp-block-list\">\n<li>Prezzi: CHF 169.- a camera doppia ad uso singolo e CHF 189.- a camera doppia, colazione compresa. Tasse soggiorno: CHF 4.65 per persona \/ per giorno non comprese.<\/li>\n\n\n\n<li>Prenotazione tramite E-mail: <a href=\"mailto:h6834@accor.com\">h6834@accor.com<\/a> con codice: SSRE 2024.<\/li>\n\n\n\n<li>Attenzione: la prenotazione \u00e8 possibile a partire dal <strong>27.6.<\/strong> <strong>Il 26.6 l&#8217;hotel \u00e8 gi\u00e0 pieno.<\/strong> Le camere non sono riservate, affrettarsi a prenotare.<\/li>\n<\/ol>\n\n\n\n<div style=\"height:65px\" aria-hidden=\"true\" class=\"wp-block-spacer\"><\/div>\n\n\n\n<h2 class=\"wp-block-heading\">Hotel Belvedere Locarno 4*<\/h2>\n\n\n\n<p>Via ai Monti della Trinit\u00e0 44 <br>6600 Locarno, Switzerland <br>Tel +41 (0) 91 751 03 63 <br><a href=\"mailto:reservations@belvedere-locarno.com\">reservations@belvedere-locarno.com<\/a><\/p>\n\n\n\n<div style=\"height:20px\" aria-hidden=\"true\" class=\"wp-block-spacer\"><\/div>\n\n\n\n<ol class=\"wp-block-list\">\n<li>Accedere <a href=\"https:\/\/belvedere-locarno.com\/it\">https:\/\/belvedere-locarno.com\/it<\/a><\/li>\n\n\n\n<li>Inserire il codice promozionale personalizzato: <strong>SUPSI2024<\/strong> durante la prenotazione nel riquadro apposito Codice promozionale.<\/li>\n\n\n\n<li>Lo sconto percentuale sar\u00e0 gi\u00e0 applicato.<\/li>\n\n\n\n<li>Camere non prenotate e dunque affrettarsi a prenotare.<\/li>\n<\/ol>\n","protected":false},"excerpt":{"rendered":"<p>Non \u00e8 purtroppo pi\u00f9 possibile iscriversi al Congresso SSRE 2024 in quanto \u00e8 stato raggiunto il numero massimo di partecipanti. Se sei un autore o un&#8217;autrice e non sei ancora iscritto\/a contatta la segreteria all&#8217;indirizzo ssre2024@supsi.ch Quote d\u2019iscrizione Early Bird (fino al 30 aprile 2024) Membri SSRE e\/o SSFI, collaboratrici [&hellip;]<\/p>\n","protected":false},"author":1,"featured_media":0,"parent":0,"menu_order":0,"comment_status":"closed","ping_status":"closed","template":"pages-template.php","meta":{"footnotes":""},"class_list":["post-17","page","type-page","status-publish","hentry"],"_links":{"self":[{"href":"https:\/\/www.ssre2024.ch\/index.php\/wp-json\/wp\/v2\/pages\/17","targetHints":{"allow":["GET"]}}],"collection":[{"href":"https:\/\/www.ssre2024.ch\/index.php\/wp-json\/wp\/v2\/pages"}],"about":[{"href":"https:\/\/www.ssre2024.ch\/index.php\/wp-json\/wp\/v2\/types\/page"}],"author":[{"embeddable":true,"href":"https:\/\/www.ssre2024.ch\/index.php\/wp-json\/wp\/v2\/users\/1"}],"replies":[{"embeddable":true,"href":"https:\/\/www.ssre2024.ch\/index.php\/wp-json\/wp\/v2\/comments?post=17"}],"version-history":[{"count":61,"href":"https:\/\/www.ssre2024.ch\/index.php\/wp-json\/wp\/v2\/pages\/17\/revisions"}],"predecessor-version":[{"id":1498,"href":"https:\/\/www.ssre2024.ch\/index.php\/wp-json\/wp\/v2\/pages\/17\/revisions\/1498"}],"wp:attachment":[{"href":"https:\/\/www.ssre2024.ch\/index.php\/wp-json\/wp\/v2\/media?parent=17"}],"curies":[{"name":"wp","href":"https:\/\/api.w.org\/{rel}","templated":true}]}}