{"id":37,"date":"2023-08-02T14:03:24","date_gmt":"2023-08-02T12:03:24","guid":{"rendered":"https:\/\/www.ssre2024.ch\/index.php\/inscription\/"},"modified":"2024-05-28T15:17:28","modified_gmt":"2024-05-28T13:17:28","slug":"inscription","status":"publish","type":"page","link":"https:\/\/www.ssre2024.ch\/index.php\/inscription\/?lang=fr","title":{"rendered":"Inscription"},"content":{"rendered":"\n<p>Il n&#8217;est malheureusement plus possible de s&#8217;inscrire au congr\u00e8s SSRE 2024 car le nombre maximum de participants a \u00e9t\u00e9 atteint. Si vous \u00eates auteur\u00b7e et que vous n&#8217;\u00eates pas encore inscrit\u00b7e, veuillez contacter le secr\u00e9tariat \u00e0 l&#8217;adresse <a href=\"mailto:ssre2024@supsi.ch\">ssre2024@supsi.ch<\/a><\/p>\n\n<div style=\"height:40px\" aria-hidden=\"true\" class=\"wp-block-spacer\"><\/div>\n\n<div style=\"height:40px\" aria-hidden=\"true\" class=\"wp-block-spacer\"><\/div>\n\n<h2 class=\"wp-block-heading\">Tarifs<\/h2>\n\n<p><strong>Early Bird<\/strong> (jusqu&#8217;au 30 avril 2024)<\/p>\n\n<p>Membres SSRE et\/ou SSFI, employ\u00e9.e.s SUPSI et\/ou HEFP<br\/>CHF 240.00<br\/><\/p>\n\n<p>Non membres <br\/>CHF 300.00<br\/><\/p>\n\n<p>Etudiantes et \u00e9tudiants, Doctorantes et doctorants<br\/>CHF 80.00<\/p>\n\n<div style=\"height:14px\" aria-hidden=\"true\" class=\"wp-block-spacer\"><\/div>\n\n<p>Formation continue enseignant.e.s (Tessin)<br\/>CHF 100.00<\/p>\n\n<p><br\/><br\/><strong>R\u00e9gulier<\/strong> (\u00e0 partir du 1er mai 2024)<\/p>\n\n<p>Membres SSRE et\/ou SSFI, employ\u00e9.e.s SUPSI et\/ou HEFP<br\/>CHF 280.00<br\/><\/p>\n\n<p>Non membres <br\/>CHF 350.00<br\/><\/p>\n\n<p>Etudiantes et \u00e9tudiants, Doctorantes et doctorants<br\/>CHF 100.00<\/p>\n\n<div style=\"height:9px\" aria-hidden=\"true\" class=\"wp-block-spacer\"><\/div>\n\n<p>Formation continue enseignant.e.s (Tessin)<br\/>CHF 100.00<\/p>\n\n<div style=\"height:40px\" aria-hidden=\"true\" class=\"wp-block-spacer\"><\/div>\n\n<p>Les frais d&#8217;inscription comprennent:<\/p>\n\n<ul class=\"wp-block-list\">\n<li>L&#8217;inscription au congr\u00e8s;<\/li>\n\n\n\n<li>L\u2019ap\u00e9ritif de bienvenue du mercredi 26 juin ;<\/li>\n\n\n\n<li>Les d\u00e9jeuners du jeudi 27 et vendredi 28 juin;<\/li>\n\n\n\n<li>Les pauses-caf\u00e9;<\/li>\n\n\n\n<li>Un congress bag.<\/li>\n<\/ul>\n\n<div style=\"height:47px\" aria-hidden=\"true\" class=\"wp-block-spacer\"><\/div>\n\n<p class=\"has-medium-font-size\"><strong>Activit\u00e9s r\u00e9cr\u00e9atives<\/strong><\/p>\n\n<p class=\"has-medium-font-size\"><strong>Social dinner,<\/strong> Blu Restaurant &amp; Lounge, Locarno, jeudi 27 juin 2024, 19h15<br\/>CHF 80.00<\/p>\n\n<p class=\"has-medium-font-size\"><strong>Excursion sur le lac Majeur<\/strong>, samedi 29 juin 2024, 08h30-12h00<br\/>CHF 50.00<\/p>\n\n<div style=\"height:52px\" aria-hidden=\"true\" class=\"wp-block-spacer\"><\/div>\n\n<h2 class=\"wp-block-heading\">H\u00e9bergement pendant le congr\u00e8s<\/h2>\n\n<p>Ch\u00e8res participantes et chers participants, nous vous conseillons vivement de r\u00e9server votre chambre d&#8217;h\u00f4tel d\u00e8s que possible car la fin du mois de juin est consid\u00e9r\u00e9e comme haute saison. Nous avons conclu des accords avec certains h\u00f4tels pour vous offrir des tarifs sp\u00e9ciaux, comme vous pouvez le voir dans la liste ci-dessous. En alternative, vous pouvez \u00e9galement rechercher votre h\u00f4tel pr\u00e9f\u00e9r\u00e9 de mani\u00e8re ind\u00e9pendante, par exemple, via les plateformes en ligne les plus connues. Nous vous recommandons cependant de ne pas attendre. N&#8217;oubliez pas de r\u00e9server \u00e9galement la nuit du vendredi (28) afin de pouvoir participer \u00e0 la fantastique excursion en bateau que nous organisons pour vous le samedi 29 au matin !<\/p>\n\n<div style=\"height:60px\" aria-hidden=\"true\" class=\"wp-block-spacer\"><\/div>\n\n<h2 class=\"wp-block-heading\">Hotel Garni Muralto 3*<\/h2>\n\n<p>Via Sempione 10 <br\/>6600 Muralto &#8211; Locarno, Switzerland <br\/>+41 091 735 30 60  <br\/><a href=\"mailto:info@hotelmuralto.ch\">info@hotelmuralto.ch<\/a><\/p>\n\n<ol class=\"wp-block-list\">\n<li>Chambre double Queen pour usage individuel, sans balcon : CHF 129.00 par chambre, par nuit, pour 1 personne, petit-d\u00e9jeuner inclus. Taxes de s\u00e9jour non comprises.<br\/>Chambre double Confort pour usage individuel, avec balcon : CHF 159.00 par chambre, par nuit, pour 1 personne, petit-d\u00e9jeuner inclus. Taxes de s\u00e9jour non comprises.<\/li>\n\n\n\n<li>R\u00e9servation via E-mail: <a href=\"mailto:info@hotelmuralto.ch\">info@hotelmuralto.ch<\/a> avec code: SSRE 2024.<\/li>\n\n\n\n<li>Chambres non encore r\u00e9serv\u00e9es, nous vous recommandons de r\u00e9server rapidement.<\/li>\n<\/ol>\n\n<div style=\"height:40px\" aria-hidden=\"true\" class=\"wp-block-spacer\"><\/div>\n\n<h2 class=\"wp-block-heading\">Hotel Geranio au Lac 3*<\/h2>\n\n<p>Viale Verbano 13 <br\/>6600 Muralto- Locarno, Switzerland <br\/>Tel. +41 91 735 80 00 <br\/><a href=\"mailto:smart@hotelgeranio.ch\">smart@hotelgeranio.ch<\/a><\/p>\n\n<div style=\"height:20px\" aria-hidden=\"true\" class=\"wp-block-spacer\"><\/div>\n\n<ol class=\"wp-block-list\">\n<li>Taper <a href=\"https:\/\/www.hotelgeranio.ch\/\">https:\/\/www.hotelgeranio.ch\/<\/a><\/li>\n\n\n\n<li>Ins\u00e9rer le code promotionnel personnalis\u00e9 SSRE2024 dans le champ pr\u00e9vu \u00e0 cet effet sur l&#8217;\u00e9cran principal du site web. <\/li>\n\n\n\n<li>La r\u00e9duction sera appliqu\u00e9e automatiquement.<\/li>\n\n\n\n<li>Chambres non encore r\u00e9serv\u00e9es, nous vous recommandons de r\u00e9server rapidement.<\/li>\n<\/ol>\n\n<div style=\"height:40px\" aria-hidden=\"true\" class=\"wp-block-spacer\"><\/div>\n\n<h2 class=\"wp-block-heading\">Hotel City Locarno 3*<\/h2>\n\n<p>Centro Pestalozzi, Via G. Cattori 4 <br\/>6600 Locarno, Switzerland <br\/>Tel. +41 91 601 88 10 <br\/><a href=\"mailto:city@hotelcitylocarno.ch\">city@hotelcitylocarno.ch<\/a><\/p>\n\n<div style=\"height:20px\" aria-hidden=\"true\" class=\"wp-block-spacer\"><\/div>\n\n<ol class=\"wp-block-list\">\n<li>Taper <a href=\"https:\/\/www.hotelcitylocarno.ch\/\">https:\/\/www.hotelcitylocarno.ch\/<\/a><\/li>\n\n\n\n<li>Ins\u00e9rer le code promotionnel personnalis\u00e9 SSRE2024 dans le champ pr\u00e9vu \u00e0 cet effet sur l&#8217;\u00e9cran principal du site web. <\/li>\n\n\n\n<li>La r\u00e9duction sera appliqu\u00e9e automatiquement.<\/li>\n\n\n\n<li>Chambres non encore r\u00e9serv\u00e9es, nous vous recommandons de r\u00e9server rapidement.<\/li>\n<\/ol>\n\n<div style=\"height:40px\" aria-hidden=\"true\" class=\"wp-block-spacer\"><\/div>\n\n<h2 class=\"wp-block-heading\">Hotel Dell&#8217;Angelo 3*<\/h2>\n\n<p>Piazza Grande <br\/>6600 Locarno, Switzerland <br\/>Tel. +41 91 759 68 68 <br\/><a href=\"mailto:hotel@dellangelo.ch\">hotel@dellangelo.ch<\/a><\/p>\n\n<div style=\"height:20px\" aria-hidden=\"true\" class=\"wp-block-spacer\"><\/div>\n\n<ol class=\"wp-block-list\">\n<li>Tarif sp\u00e9cial : CHF 135.- par chambre, par nuit, avec petit-d\u00e9jeuner buffet + taxes touristiques (s\u00e9jour \/ promotion touristique) : CHF 4.65 par personne, par nuit.<\/li>\n\n\n\n<li>R\u00e9servation via E-mail: <a href=\"mailto:hotel@dellangelo.ch\">hotel@dellangelo.ch<\/a> avec code: SSRE 2024.<\/li>\n\n\n\n<li>Chambres non encore r\u00e9serv\u00e9es, nous vous recommandons de r\u00e9server rapidement.<\/li>\n\n\n\n<li>Information : Parkings couverts au Parking Castello, \u00e0 200m de l&#8217;h\u00f4tel, au tarif de CHF 15.- par jour. Retirer le ticket \u00e0 la r\u00e9ception de l&#8217;h\u00f4tel.<\/li>\n<\/ol>\n\n<div style=\"height:55px\" aria-hidden=\"true\" class=\"wp-block-spacer\"><\/div>\n\n<p><\/p>\n\n<h2 class=\"wp-block-heading\">Ibis Locarno 3*<\/h2>\n\n<p>Via Giuseppe Cattori, 6 <br\/>6600 Muralto Locarno, Switzerland <br\/>Tel. +41 091 756 2626 <br\/>Fax +41 091 756 2600 <br\/><a href=\"mailto:h6834@accor.com\">h6834@accor.com<\/a><\/p>\n\n<div style=\"height:20px\" aria-hidden=\"true\" class=\"wp-block-spacer\"><\/div>\n\n<ol class=\"wp-block-list\">\n<li>Tarifs : CHF 169.- pour une chambre double \u00e0 usage individuel et CHF 189.- pour une chambre double, petit-d\u00e9jeuner inclus. Taxe de s\u00e9jour : CHF 4.65 par personne \/ par jour non inclus.<\/li>\n\n\n\n<li>R\u00e9servation via E-mail: <a href=\"mailto:h6834@accor.com\">h6834@accor.com<\/a> avec code: SSRE 2024.<\/li>\n\n\n\n<li>Attention, la r\u00e9servation est possible \u00e0 partir du <strong>27.6. <\/strong>Le<strong> 26.6 l&#8217;h\u00f4tel est d\u00e9j\u00e0 au complet. <\/strong>Chambres non encore r\u00e9serv\u00e9es, nous vous recommandons de r\u00e9server rapidement.<\/li>\n<\/ol>\n\n<div style=\"height:65px\" aria-hidden=\"true\" class=\"wp-block-spacer\"><\/div>\n\n<h2 class=\"wp-block-heading\">Hotel Belvedere Locarno 4*<\/h2>\n\n<p>Via ai Monti della Trinit\u00e0 44 <br\/>6600 Locarno, Switzerland <br\/>Tel +41 (0) 91 751 03 63 <br\/><a href=\"mailto:reservations@belvedere-locarno.com\">reservations@belvedere-locarno.com<\/a><\/p>\n\n<div style=\"height:20px\" aria-hidden=\"true\" class=\"wp-block-spacer\"><\/div>\n\n<ol class=\"wp-block-list\">\n<li>Taper <a href=\"https:\/\/belvedere-locarno.com\/it\">https:\/\/belvedere-locarno.com\/it<\/a><\/li>\n\n\n\n<li>Ins\u00e9rer le code promotionnel: <strong>SUPSI2024<\/strong> pendant la r\u00e9servation dans le champ appropri\u00e9 du Code promotionnel.<\/li>\n\n\n\n<li>La r\u00e9duction en pourcentage sera d\u00e9j\u00e0 appliqu\u00e9e.<\/li>\n\n\n\n<li>Chambres non encore r\u00e9serv\u00e9es, nous vous recommandons de r\u00e9server rapidement.<\/li>\n<\/ol>\n","protected":false},"excerpt":{"rendered":"<p>Il n&#8217;est malheureusement plus possible de s&#8217;inscrire au congr\u00e8s SSRE 2024 car le nombre maximum de participants a \u00e9t\u00e9 atteint. Si vous \u00eates auteur\u00b7e et que vous n&#8217;\u00eates pas encore inscrit\u00b7e, veuillez contacter le secr\u00e9tariat \u00e0 l&#8217;adresse ssre2024@supsi.ch Tarifs Early Bird (jusqu&#8217;au 30 avril 2024) Membres SSRE et\/ou SSFI, employ\u00e9.e.s [&hellip;]<\/p>\n","protected":false},"author":1,"featured_media":0,"parent":0,"menu_order":0,"comment_status":"closed","ping_status":"closed","template":"pages-template.php","meta":{"footnotes":""},"class_list":["post-37","page","type-page","status-publish","hentry"],"_links":{"self":[{"href":"https:\/\/www.ssre2024.ch\/index.php\/wp-json\/wp\/v2\/pages\/37","targetHints":{"allow":["GET"]}}],"collection":[{"href":"https:\/\/www.ssre2024.ch\/index.php\/wp-json\/wp\/v2\/pages"}],"about":[{"href":"https:\/\/www.ssre2024.ch\/index.php\/wp-json\/wp\/v2\/types\/page"}],"author":[{"embeddable":true,"href":"https:\/\/www.ssre2024.ch\/index.php\/wp-json\/wp\/v2\/users\/1"}],"replies":[{"embeddable":true,"href":"https:\/\/www.ssre2024.ch\/index.php\/wp-json\/wp\/v2\/comments?post=37"}],"version-history":[{"count":0,"href":"https:\/\/www.ssre2024.ch\/index.php\/wp-json\/wp\/v2\/pages\/37\/revisions"}],"wp:attachment":[{"href":"https:\/\/www.ssre2024.ch\/index.php\/wp-json\/wp\/v2\/media?parent=37"}],"curies":[{"name":"wp","href":"https:\/\/api.w.org\/{rel}","templated":true}]}}