{"id":39,"date":"2023-08-02T14:03:24","date_gmt":"2023-08-02T12:03:24","guid":{"rendered":"https:\/\/www.ssre2024.ch\/index.php\/anmeldung\/"},"modified":"2024-05-28T15:16:33","modified_gmt":"2024-05-28T13:16:33","slug":"anmeldung","status":"publish","type":"page","link":"https:\/\/www.ssre2024.ch\/index.php\/anmeldung\/?lang=de","title":{"rendered":"Registrierung"},"content":{"rendered":"\n<p>Es ist leider nicht mehr m\u00f6glich, sich f\u00fcr den SSRE-Kongress 2024 anzumelden, da die maximale Teilnehmerzahl erreicht worden ist. Wenn Sie Autor*in sind und sich noch nicht angemeldet haben, kontaktieren Sie bitte das Sekretariat unter <a href=\"mailto:ssre2024@supsi.ch\">ssre2024@supsi.ch<\/a><\/p>\n\n<div style=\"height:40px\" aria-hidden=\"true\" class=\"wp-block-spacer\"><\/div>\n\n<div style=\"height:40px\" aria-hidden=\"true\" class=\"wp-block-spacer\"><\/div>\n\n<h2 class=\"wp-block-heading\">Anmeldegeb\u00fchren<\/h2>\n\n<p><strong>Early Bird<\/strong> (bis 30. April 2024)<\/p>\n\n<p>SGBF- und\/oder SGL-Mitglieder, SUPSI &#8211; und\/oder EHB-Mitarbeiter<br\/>CHF 240.00<br\/><\/p>\n\n<p>Nicht-Mitglieder <br\/>CHF 300.00<br\/><\/p>\n\n<p>Studenten, Doktorandinnen und Doktoranden<br\/>CHF 80.00<\/p>\n\n<div style=\"height:14px\" aria-hidden=\"true\" class=\"wp-block-spacer\"><\/div>\n\n<p>Weiterbildung f\u00fcr Lehrerinnen und Lehrer (Kanton Tessin)<br\/>CHF 100.00<\/p>\n\n<p><br\/><br\/><strong>Regelm\u00e4\u00dfig<\/strong> (ab 1. Mai 2024)<\/p>\n\n<p>SGBF- und\/oder SGL-Mitglieder, SUPSI &#8211; und\/oder EHB-Mitarbeiter<br\/>CHF 280.00<br\/><\/p>\n\n<p>Nicht-Mitglieder <br\/>CHF 350.00<br\/><\/p>\n\n<p>Studenten, Doktorandinnen und Doktoranden<br\/>CHF 100.00<\/p>\n\n<div style=\"height:9px\" aria-hidden=\"true\" class=\"wp-block-spacer\"><\/div>\n\n<p>Weiterbildung f\u00fcr Lehrerinnen und Lehrer (Kanton Tessin)<br\/>CHF 100.00<\/p>\n\n<div style=\"height:40px\" aria-hidden=\"true\" class=\"wp-block-spacer\"><\/div>\n\n<p>In den Anmeldegeb\u00fchren enthalten sind:<\/p>\n\n<ul class=\"wp-block-list\">\n<li>Anmeldung zum Kongress;<\/li>\n\n\n\n<li>Der Willkommenstrunk am Mittwoch, 26. Juni;<\/li>\n\n\n\n<li>Mittagessen am Donnerstag, 27. und Freitag, 28. Juni;<\/li>\n\n\n\n<li>Kaffeepausen;<\/li>\n\n\n\n<li>Eine Kongresstasche.<\/li>\n<\/ul>\n\n<div style=\"height:47px\" aria-hidden=\"true\" class=\"wp-block-spacer\"><\/div>\n\n<p class=\"has-medium-font-size\"><strong>Freizeitsportliche Aktivit\u00e4ten<\/strong><\/p>\n\n<p class=\"has-medium-font-size\"><strong>Social dinner,<\/strong> Blu Restaurant &amp; Lounge, Locarno, Donnerstag 27. Juni 2024, 19.15<br\/>CHF 80.00<\/p>\n\n<p class=\"has-medium-font-size\"><strong>Ausflug zum Lago Maggiore<\/strong>, Samstag 29. Juni 2024, 08.30-12.00<br\/>CHF 50.00<\/p>\n\n<div style=\"height:52px\" aria-hidden=\"true\" class=\"wp-block-spacer\"><\/div>\n\n<h2 class=\"wp-block-heading\">Unterkunft w\u00e4hrend des Kongresses<\/h2>\n\n<p>Liebe Teilnehmerinnen und Teilnehmer, wir empfehlen Ihnen, Ihr Hotelzimmer so schnell wie m\u00f6glich zu buchen, da das Ende des Juni als Hochsaison gilt. Wir haben Vereinbarungen mit einigen Hotels getroffen, um Ihnen spezielle Tarife zu garantieren, wie Sie aus der folgenden Liste ersehen k\u00f6nnen. Alternativ k\u00f6nnt ihr auch selbst nach eurem bevorzugten Hotel suchen, zum Beispiel \u00fcber die bekanntesten Online-Plattformen. Wir empfehlen Ihnen jedoch dringend, nicht zu warten. Denkt daran, auch die Nacht vom Freitag (28.) zu buchen, um an der fantastischen Seerundfahrt teilnehmen zu k\u00f6nnen, die wir f\u00fcr euch am Samstag, den 29., am Morgen organisieren!<\/p>\n\n<div style=\"height:60px\" aria-hidden=\"true\" class=\"wp-block-spacer\"><\/div>\n\n<h2 class=\"wp-block-heading\">Hotel Garni Muralto 3*<\/h2>\n\n<p>Via Sempione 10 <br\/>6600 Muralto &#8211; Locarno, Switzerland <br\/>+41 091 735 30 60  <br\/><a href=\"mailto:info@hotelmuralto.ch\">info@hotelmuralto.ch<\/a><\/p>\n\n<ol class=\"wp-block-list\">\n<li>Doppelzimmer Queen zur Einzelnutzung, ohne Balkon: CHF 129.00 pro Zimmer, pro Nacht, 1 Person, Fr\u00fchst\u00fcck inbegriffen. Kurtaxe nicht inbegriffen.<br\/>Doppelzimmer Komfort zur Einzelnutzung, mit Balkon: CHF 159.00 pro Zimmer, pro Nacht, 1 Person, Fr\u00fchst\u00fcck inbegriffen. Kurtaxe nicht inbegriffen.<\/li>\n\n\n\n<li>Buchung per E-Mail: <a href=\"mailto:info@hotelmuralto.ch\">info@hotelmuralto.ch<\/a> mit Code: SSRE 2024.<\/li>\n\n\n\n<li>Zimmer nicht reserviert, wir empfehlen Ihnen, sich beeilen mit der Buchung<\/li>\n<\/ol>\n\n<div style=\"height:40px\" aria-hidden=\"true\" class=\"wp-block-spacer\"><\/div>\n\n<h2 class=\"wp-block-heading\">Hotel Geranio au Lac 3*<\/h2>\n\n<p>Viale Verbano 13 <br\/>6600 Muralto &#8211; Locarno, Switzerland <br\/>Tel. +41 91 735 80 00 <br\/><a href=\"mailto:smart@hotelgeranio.ch\">smart@hotelgeranio.ch<\/a><\/p>\n\n<div style=\"height:20px\" aria-hidden=\"true\" class=\"wp-block-spacer\"><\/div>\n\n<ol class=\"wp-block-list\">\n<li>Eingeben <a href=\"https:\/\/www.hotelgeranio.ch\/\">https:\/\/www.hotelgeranio.ch\/<\/a><\/li>\n\n\n\n<li>Bitte geben Sie den individuellen Aktionscode SSRE2024 im entsprechenden Feld &#8216;Aktionscode&#8217; auf der Startseite der Website ein. <\/li>\n\n\n\n<li>Der Rabatt wird automatisch angewendet.<\/li>\n\n\n\n<li>Zimmer nicht reserviert, wir empfehlen Ihnen, sich beeilen mit der Buchung<\/li>\n<\/ol>\n\n<div style=\"height:40px\" aria-hidden=\"true\" class=\"wp-block-spacer\"><\/div>\n\n<h2 class=\"wp-block-heading\">Hotel City Locarno 3*<\/h2>\n\n<p>Centro Pestalozzi, Via G. Cattori 4 <br\/>6600 Locarno, Switzerland <br\/>Tel. +41 91 601 88 10 <br\/><a href=\"mailto:city@hotelcitylocarno.ch\">city@hotelcitylocarno.ch<\/a><\/p>\n\n<div style=\"height:20px\" aria-hidden=\"true\" class=\"wp-block-spacer\"><\/div>\n\n<ol class=\"wp-block-list\">\n<li>Eingeben <a href=\"https:\/\/www.hotelcitylocarno.ch\/\">https:\/\/www.hotelcitylocarno.ch\/<\/a><\/li>\n\n\n\n<li>Bitte geben Sie den individuellen Aktionscode SSRE2024 im entsprechenden Feld &#8216;Aktionscode&#8217; auf der Startseite der Website ein. <\/li>\n\n\n\n<li>Der Rabatt wird automatisch angewendet.<\/li>\n\n\n\n<li>Zimmer nicht reserviert, wir empfehlen Ihnen, sich beeilen mit der Buchung<\/li>\n<\/ol>\n\n<div style=\"height:40px\" aria-hidden=\"true\" class=\"wp-block-spacer\"><\/div>\n\n<h2 class=\"wp-block-heading\">Hotel Dell&#8217;Angelo 3*<\/h2>\n\n<p>Piazza Grande <br\/>6600 Locarno, Switzerland <br\/>Tel. +41 91 759 68 68 <br\/><a href=\"mailto:hotel@dellangelo.ch\">hotel@dellangelo.ch<\/a><\/p>\n\n<div style=\"height:20px\" aria-hidden=\"true\" class=\"wp-block-spacer\"><\/div>\n\n<ol class=\"wp-block-list\">\n<li>Sonderpreis: CHF 135.- pro Zimmer, pro Nacht, inklusive Fr\u00fchst\u00fccksbuffet + Kurtaxe (Aufenthalt \/ Tourismusf\u00f6rderung): CHF 4.65 pro Person, pro Nacht.<\/li>\n\n\n\n<li>Buchung per E-mail: <a href=\"mailto:hotel@dellangelo.ch\">hotel@dellangelo.ch<\/a> mit Code: SSRE 2024.<\/li>\n\n\n\n<li>Zimmer nicht reserviert, wir empfehlen Ihnen, sich beeilen mit der Buchung.<\/li>\n\n\n\n<li>Information: \u00dcberdachte Parkpl\u00e4tze im Parkhaus Castello, 200m vom Hotel entfernt, zum Preis von CHF 15.- pro Tag. Den Parkschein an der Rezeption des Hotels abholen.<\/li>\n<\/ol>\n\n<div style=\"height:55px\" aria-hidden=\"true\" class=\"wp-block-spacer\"><\/div>\n\n<p><\/p>\n\n<h2 class=\"wp-block-heading\">Ibis Locarno 3*<\/h2>\n\n<p>Via Giuseppe Cattori, 6 <br\/>6600 Muralto Locarno, Switzerland <br\/>Tel. +41 091 756 2626 <br\/>Fax +41 091 756 2600 <br\/><a href=\"mailto:h6834@accor.com\">h6834@accor.com<\/a><\/p>\n\n<div style=\"height:20px\" aria-hidden=\"true\" class=\"wp-block-spacer\"><\/div>\n\n<ol class=\"wp-block-list\">\n<li>Preise: CHF 169.- f\u00fcr ein Doppelzimmer zur Einzelnutzung und CHF 189.- f\u00fcr ein Doppelzimmer, Fr\u00fchst\u00fcck inbegriffen. Kurtaxe: CHF 4.65 pro Person \/ pro Tag nicht inbegriffen.<\/li>\n\n\n\n<li>Buchung per E-mail: <a href=\"mailto:h6834@accor.com\">h6834@accor.com<\/a> mit Code: SSRE 2024.<\/li>\n\n\n\n<li>Achtung: Die Reservierung ist m\u00f6glich ab <strong>27.6. <\/strong><strong>Am 26.6. ist das Hotel bereits ausgebucht.<\/strong> Die Zimmer sind noch nicht reserviert, bitte beeilen Sie sich mit der Buchung.<\/li>\n<\/ol>\n\n<div style=\"height:65px\" aria-hidden=\"true\" class=\"wp-block-spacer\"><\/div>\n\n<h2 class=\"wp-block-heading\">Hotel Belvedere Locarno 4*<\/h2>\n\n<p>Via ai Monti della Trinit\u00e0 44 <br\/>6600 Locarno, Switzerland <br\/>Tel +41 (0) 91 751 03 63 <br\/><a href=\"mailto:reservations@belvedere-locarno.com\">reservations@belvedere-locarno.com<\/a><\/p>\n\n<div style=\"height:20px\" aria-hidden=\"true\" class=\"wp-block-spacer\"><\/div>\n\n<ol class=\"wp-block-list\">\n<li>Eingeben <a href=\"https:\/\/belvedere-locarno.com\/it\">https:\/\/belvedere-locarno.com\/it<\/a><\/li>\n\n\n\n<li>Geben Sie den personalisierten Aktionscode ein: <strong>SUPSI2024<\/strong> W\u00e4hrend der Buchung im daf\u00fcr vorgesehenen Feld &#8220;Promotionscode&#8221; einf\u00fcgen.<\/li>\n\n\n\n<li>Der prozentuale Rabatt wird bereits angewendet sein.<\/li>\n\n\n\n<li>Zimmer nicht reserviert, wir empfehlen Ihnen, sich beeilen mit der Buchung.<\/li>\n<\/ol>\n","protected":false},"excerpt":{"rendered":"<p>Es ist leider nicht mehr m\u00f6glich, sich f\u00fcr den SSRE-Kongress 2024 anzumelden, da die maximale Teilnehmerzahl erreicht worden ist. Wenn Sie Autor*in sind und sich noch nicht angemeldet haben, kontaktieren Sie bitte das Sekretariat unter ssre2024@supsi.ch Anmeldegeb\u00fchren Early Bird (bis 30. April 2024) SGBF- und\/oder SGL-Mitglieder, SUPSI &#8211; und\/oder EHB-MitarbeiterCHF [&hellip;]<\/p>\n","protected":false},"author":1,"featured_media":0,"parent":0,"menu_order":0,"comment_status":"closed","ping_status":"closed","template":"pages-template.php","meta":{"footnotes":""},"class_list":["post-39","page","type-page","status-publish","hentry"],"_links":{"self":[{"href":"https:\/\/www.ssre2024.ch\/index.php\/wp-json\/wp\/v2\/pages\/39","targetHints":{"allow":["GET"]}}],"collection":[{"href":"https:\/\/www.ssre2024.ch\/index.php\/wp-json\/wp\/v2\/pages"}],"about":[{"href":"https:\/\/www.ssre2024.ch\/index.php\/wp-json\/wp\/v2\/types\/page"}],"author":[{"embeddable":true,"href":"https:\/\/www.ssre2024.ch\/index.php\/wp-json\/wp\/v2\/users\/1"}],"replies":[{"embeddable":true,"href":"https:\/\/www.ssre2024.ch\/index.php\/wp-json\/wp\/v2\/comments?post=39"}],"version-history":[{"count":23,"href":"https:\/\/www.ssre2024.ch\/index.php\/wp-json\/wp\/v2\/pages\/39\/revisions"}],"predecessor-version":[{"id":1504,"href":"https:\/\/www.ssre2024.ch\/index.php\/wp-json\/wp\/v2\/pages\/39\/revisions\/1504"}],"wp:attachment":[{"href":"https:\/\/www.ssre2024.ch\/index.php\/wp-json\/wp\/v2\/media?parent=39"}],"curies":[{"name":"wp","href":"https:\/\/api.w.org\/{rel}","templated":true}]}}