{"id":43,"date":"2023-08-02T14:03:07","date_gmt":"2023-08-02T12:03:07","guid":{"rendered":"https:\/\/www.ssre2024.ch\/index.php\/keynote\/"},"modified":"2024-05-06T14:27:55","modified_gmt":"2024-05-06T12:27:55","slug":"keynote","status":"publish","type":"page","link":"https:\/\/www.ssre2024.ch\/index.php\/keynote\/?lang=fr","title":{"rendered":"Keynote speakers"},"content":{"rendered":"\n<p>Nous avons le plaisir de pr\u00e9senter les conf\u00e9renci\u00e8res et le conf\u00e9rencier invit\u00e9\u00b7e\u00b7s suivant\u00b7e\u00b7s qui animeront les s\u00e9ances pl\u00e9ni\u00e8res pr\u00e9vues au programme. Leur regard expert nous permettra d&#8217;aborder le th\u00e8me des comp\u00e9tences transversales d&#8217;une mani\u00e8re critique, constructive et innovante.<\/p>\n\n<div style=\"height:100px\" aria-hidden=\"true\" class=\"wp-block-spacer\"><\/div>\n\n<div class=\"wp-block-columns is-layout-flex wp-container-core-columns-is-layout-9d6595d7 wp-block-columns-is-layout-flex\">\n<div class=\"wp-block-column is-layout-flow wp-block-column-is-layout-flow\" style=\"flex-basis:100%\">\n<div class=\"wp-block-columns is-layout-flex wp-container-core-columns-is-layout-9d6595d7 wp-block-columns-is-layout-flex\">\n<div class=\"wp-block-column is-layout-flow wp-block-column-is-layout-flow\" style=\"flex-basis:33.33%\">\n<figure class=\"wp-block-image size-full\"><img loading=\"lazy\" decoding=\"async\" width=\"500\" height=\"500\" src=\"https:\/\/www.ssre2024.ch\/wp-content\/uploads\/2023\/10\/calarco.jpg\" alt=\"\" class=\"wp-image-631\" srcset=\"https:\/\/www.ssre2024.ch\/wp-content\/uploads\/2023\/10\/calarco.jpg 500w, https:\/\/www.ssre2024.ch\/wp-content\/uploads\/2023\/10\/calarco-300x300.jpg 300w, https:\/\/www.ssre2024.ch\/wp-content\/uploads\/2023\/10\/calarco-150x150.jpg 150w\" sizes=\"auto, (max-width: 500px) 100vw, 500px\" \/><\/figure>\n<\/div>\n\n\n\n<div class=\"wp-block-column is-layout-flow wp-block-column-is-layout-flow\" style=\"flex-basis:66.66%\">\n<h3 class=\"wp-block-heading\">Jessica McCrory Calarco<\/h3>\n\n\n\n<h2 class=\"wp-block-heading\">University of Wisconsin-Madison<\/h2>\n\n\n\n<p>Jessica Calarco est Professeure Associ\u00e9e de Sociologie \u00e0 l&#8217;Universit\u00e9 du Wisconsin-Madison. Sa recherche utilise des m\u00e9thodes qualitatives et mixtes pour r\u00e9v\u00e9ler le pouvoir du privil\u00e8ge au sein des familles et des \u00e9coles, ainsi que les mythes qui justifient ce pouvoir.<\/p>\n\n\n\n<p>Calarco est laur\u00e9ate de nombreux prix pour sa carri\u00e8re prometteuse, pour ses enseignements et pour ses publications. Son premier livre, <em>&#8220;Negotiating Opportunities: How the Middle Class Secures Advantages in School,&#8221;<\/em> a re\u00e7u le Prix Pierre Bourdieu du meilleur livre en sociologie de l&#8217;\u00e9ducation. Son livre le plus r\u00e9cent, <em>&#8220;Qualitative Literacy: A Guide to Evaluating Ethnographic and Interview Research,&#8221;<\/em> a remport\u00e9 le Prix de la meilleure publication en m\u00e9thodologie. Calarco est \u00e9galement l&#8217;auteure de <em>&#8220;A Field Guide to Grad School: Uncovering the Hidden Curriculum,&#8221;<\/em> et son quatri\u00e8me livre, <em>&#8220;Holding It Together: How Women Became America&#8217;s Social Safety Net,&#8221;<\/em> sera publi\u00e9 en 2024 chez Penguin Random House.<\/p>\n\n\n\n<p>En tant que chercheuse active, Calarco publie non seulement ses travaux dans des revues acad\u00e9miques de renom, notamment l&#8217;American Sociological Review, l&#8217;Annual Review of Sociology, l&#8217;American Educational Research Journal, Educational Researcher et Social Psychology Quarterly, mais a \u00e9galement \u00e9crit pour des m\u00e9dias de haut niveau, notamment le New York Times, le Washington Post, l&#8217;Atlantic, Inside Higher Ed, CNN et NBC News.<\/p>\n\n\n\n<div style=\"height:100px\" aria-hidden=\"true\" class=\"wp-block-spacer\"><\/div>\n\n\n\n<p><\/p>\n<\/div>\n<\/div>\n\n\n\n<div class=\"wp-block-columns is-layout-flex wp-container-core-columns-is-layout-9d6595d7 wp-block-columns-is-layout-flex\">\n<div class=\"wp-block-column is-layout-flow wp-block-column-is-layout-flow\" style=\"flex-basis:33.33%\">\n<figure class=\"wp-block-image size-full\"><img loading=\"lazy\" decoding=\"async\" width=\"500\" height=\"500\" src=\"https:\/\/www.ssre2024.ch\/wp-content\/uploads\/2023\/10\/kuenzli-david-valsangiacomo.jpg\" alt=\"\" class=\"wp-image-675\" srcset=\"https:\/\/www.ssre2024.ch\/wp-content\/uploads\/2023\/10\/kuenzli-david-valsangiacomo.jpg 500w, https:\/\/www.ssre2024.ch\/wp-content\/uploads\/2023\/10\/kuenzli-david-valsangiacomo-300x300.jpg 300w, https:\/\/www.ssre2024.ch\/wp-content\/uploads\/2023\/10\/kuenzli-david-valsangiacomo-150x150.jpg 150w\" sizes=\"auto, (max-width: 500px) 100vw, 500px\" \/><\/figure>\n<\/div>\n\n\n\n<div class=\"wp-block-column is-layout-flow wp-block-column-is-layout-flow\" style=\"flex-basis:66.66%\">\n<h3 class=\"wp-block-heading\">Christine K\u00fcnzli David et Federica Valsangiacomo<\/h3>\n\n\n\n<h2 class=\"wp-block-heading\">P\u00e4dagogische Hochschule der Fachhochschule Nordwestschweiz<\/h2>\n\n\n\n<p>Prof. Dr. Christine K\u00fcnzli David s&#8217;est form\u00e9e en tant qu&#8217;enseignante d&#8217;\u00e9cole primaire, puis a \u00e9tudi\u00e9 l&#8217;\u00e9ducation, la psychologie et l&#8217;\u00e9cologie g\u00e9n\u00e9rale \u00e0 l&#8217;Universit\u00e9 de Berne. De 1997 \u00e0 2007, elle a travaill\u00e9 en tant qu&#8217;assistante de recherche au sein de l&#8217; \u00ab Interfakult\u00e4ren Koordinationsstelle f\u00fcr Allgemeine \u00d6kologie (IKA\u00d6) \u00bb de l&#8217;Universit\u00e9 de Berne. De 1998 \u00e0 2004, elle a \u00e9t\u00e9 enseignante dans divers instituts de formation des enseignants. De 2004 \u00e0 2007, elle a co-dirig\u00e9 le secteur de recherche \u00ab \u00c9ducation et d\u00e9veloppement durable \u00bb \u00e0 l&#8217;institut pr\u00e9c\u00e9dant la PH FHNW, puis en 2008, elle a pris en charge la chaire \u00ab Bildungstheorien und interdisziplinerer Unterricht \u00bb \u00e0 la PH FHNW. En tant que directrice de cette chaire, elle a travaill\u00e9 pendant plusieurs ann\u00e9es sur le th\u00e8me de l&#8217;enseignement interdisciplinaire et, avec son \u00e9quipe, a d\u00e9velopp\u00e9 le concept d&#8217;enseignement transversal. Ses recherches se concentrent sur l&#8217;\u00e9ducation dans le contexte du d\u00e9veloppement durable et sur l&#8217;enseignement au premier cycle (Zyklus 1). Depuis 2021, elle dirige l&#8217;Institut \u00ab Kindergarten-\/Unterstufe (IKU) \u00bb de la PH FHNW, qui a identifi\u00e9 l&#8217;enseignement transversal comme un axe sp\u00e9cifique de l&#8217;institut.<\/p>\n\n\n\n<p>Federica Valsangiacomo (M.Sc.) a \u00e9tudi\u00e9 Sciences de l&#8217;\u00e9ducation avec une sp\u00e9cialisation en psychop\u00e9dagogie, \u00e9ducation et conseil \u00e0 la petite enfance \u00e0 l&#8217;Universit\u00e9 de Fribourg (CH). Depuis plus de 10 ans, elle enseigne et m\u00e8ne des recherches \u00e0 la PH FHNW. Son domaine de sp\u00e9cialisation porte principalement sur l&#8217;\u00e9ducation dans le contexte du d\u00e9veloppement durable et sur l&#8217;inter- et la transdisciplinarit\u00e9, en particulier les questions li\u00e9es \u00e0 l&#8217;\u00e9ducation inter- et transdisciplinaire et \u00e0 la conception de processus inter- et transdisciplinaires. Elle a personnellement supervis\u00e9 le d\u00e9veloppement du concept d&#8217;enseignement transversal. Depuis 2021, elle assure la direction par int\u00e9rim de la chaire &#8220;Bildungstheorien und interdisziplin\u00e4rer Unterricht&#8221; et du &#8220;BNE-LAB&#8221; (ESS-LAB) de l&#8217;institut. Dans le cadre de sa th\u00e8se de doctorat, qui est sur le point d&#8217;\u00eatre achev\u00e9e, elle analyse les processus de prise de d\u00e9cision dans le contexte du d\u00e9veloppement durable.<\/p>\n<\/div>\n<\/div>\n\n\n\n<div style=\"height:100px\" aria-hidden=\"true\" class=\"wp-block-spacer\"><\/div>\n<\/div>\n<\/div>\n\n<div class=\"wp-block-columns is-layout-flex wp-container-core-columns-is-layout-9d6595d7 wp-block-columns-is-layout-flex\">\n<div class=\"wp-block-column is-layout-flow wp-block-column-is-layout-flow\" style=\"flex-basis:33.33%\">\n<figure class=\"wp-block-image size-full\"><img loading=\"lazy\" decoding=\"async\" width=\"500\" height=\"500\" src=\"https:\/\/www.ssre2024.ch\/wp-content\/uploads\/2023\/10\/rapanta.jpg\" alt=\"\" class=\"wp-image-617\" srcset=\"https:\/\/www.ssre2024.ch\/wp-content\/uploads\/2023\/10\/rapanta.jpg 500w, https:\/\/www.ssre2024.ch\/wp-content\/uploads\/2023\/10\/rapanta-300x300.jpg 300w, https:\/\/www.ssre2024.ch\/wp-content\/uploads\/2023\/10\/rapanta-150x150.jpg 150w\" sizes=\"auto, (max-width: 500px) 100vw, 500px\" \/><\/figure>\n<\/div>\n\n\n\n<div class=\"wp-block-column is-layout-flow wp-block-column-is-layout-flow\" style=\"flex-basis:66.66%\">\n<h3 class=\"wp-block-heading\">Chrysi Rapanta<\/h3>\n\n\n\n<h2 class=\"wp-block-heading\">Universidade Nova de Lisboa<\/h2>\n\n\n\n<p>Dr. Chrysi Rapanta travaille en tant que Chercheuse Senior et Professeure invit\u00e9e \u00e0 la Facult\u00e9 des Sciences Sociales et Humaines de l&#8217;Universidade Nova de Lisbonne, au Portugal. Elle d\u00e9tient un doctorat en Communication de l&#8217;Universit\u00e0 della Svizzera italiana, avec une sp\u00e9cialisation dans la conception et le d\u00e9veloppement de l&#8217;apprentissage en ligne. Elle a travaill\u00e9 et v\u00e9cu en Gr\u00e8ce, en Espagne, en Suisse, aux \u00c9mirats arabes unis et au Portugal. Son parcours est hautement interdisciplinaire, combinant les domaines de la communication, de la philosophie et de l&#8217;\u00e9ducation. Depuis 2015, elle m\u00e8ne des recherches au Laboratoire d&#8217;Argumentation, de Cognition et de Langage de l&#8217;Institut de Philosophie NOVA. Une grande partie de son travail se concentre sur la formation des enseignant\u00b7e\u00b7s de diff\u00e9rents niveaux et disciplines, en leur transmettant des m\u00e9thodes et des outils concrets qu&#8217;ils peuvent appliquer dans le but de d\u00e9velopper les comp\u00e9tences de raisonnement critique de leurs \u00e9l\u00e8ves. Son travail a \u00e9t\u00e9 largement publi\u00e9 dans des revues scientifiques prestigieuses telles que la Review of Educational Research, Teaching and Teacher Education, le British Journal of Educational Technology et l&#8217;Educational Psychology Review. Elle a \u00e9t\u00e9 chercheuse principale dans plusieurs projets de recherche nationaux et internationaux ax\u00e9s sur l&#8217;enseignement bas\u00e9 sur l&#8217;argumentation, l&#8217;\u00e9ducation num\u00e9rique, la citoyennet\u00e9 active et l\u2019interculturalit\u00e9. Son nom figure sur la World&#8217;s Top 2% Scientists List for 2021, soutenue par Scopus.<\/p>\n<\/div>\n<\/div>\n\n<div style=\"height:100px\" aria-hidden=\"true\" class=\"wp-block-spacer\"><\/div>\n\n<div class=\"wp-block-columns is-layout-flex wp-container-core-columns-is-layout-9d6595d7 wp-block-columns-is-layout-flex\">\n<div class=\"wp-block-column is-layout-flow wp-block-column-is-layout-flow\" style=\"flex-basis:33.33%\">\n<figure class=\"wp-block-image size-full\"><img loading=\"lazy\" decoding=\"async\" width=\"500\" height=\"500\" src=\"https:\/\/www.ssre2024.ch\/wp-content\/uploads\/2024\/05\/ghislieri.jpg\" alt=\"\" class=\"wp-image-1178\" srcset=\"https:\/\/www.ssre2024.ch\/wp-content\/uploads\/2024\/05\/ghislieri.jpg 500w, https:\/\/www.ssre2024.ch\/wp-content\/uploads\/2024\/05\/ghislieri-300x300.jpg 300w, https:\/\/www.ssre2024.ch\/wp-content\/uploads\/2024\/05\/ghislieri-150x150.jpg 150w\" sizes=\"auto, (max-width: 500px) 100vw, 500px\" \/><\/figure>\n<\/div>\n\n\n\n<div class=\"wp-block-column is-layout-flow wp-block-column-is-layout-flow\" style=\"flex-basis:66.66%\">\n<h3 class=\"wp-block-heading\">Chiara Ghislieri<\/h3>\n\n\n\n<h2 class=\"wp-block-heading\">Universit\u00e0 degli Studi di Torino<\/h2>\n\n\n\n<p>Chiara Ghislieri est professeur titulaire de psychologie du travail et des organisations au d\u00e9partement de psychologie de l&#8217;universit\u00e9 de Turin, o\u00f9 elle enseigne la psychologie de la formation et de l&#8217;orientation. <\/p>\n\n\n\n<p>Ses th\u00e8mes de recherche concernent diff\u00e9rents aspects de la psychologie appliqu\u00e9e au travail : l&#8217;\u00e9quilibre entre vie professionnelle et vie personnelle ; le r\u00f4le du leadership, tant positif que destructeur, dans la dynamique organisationnelle ; l&#8217;utilisation de la technologie \u00e0 des fins professionnelles et le droit \u00e0 la d\u00e9connexion ; les comp\u00e9tences transversales, interculturelles et num\u00e9riques ; l&#8217;orientation et la conception de la formation.<\/p>\n\n\n\n<p>Elle est l&#8217;auteur d&#8217;une centaine d&#8217;essais et d&#8217;articles de recherche scientifique, publi\u00e9s dans des revues d&#8217;importance internationale. Elle a \u00e9galement \u00e9crit \u201cAvere leadership\u201d (avec G.P. Quaglino) et \u201cPsicologia della conciliazione tra lavoro e famiglia\u201d (avec L. Colombo). Parall\u00e8lement \u00e0 ses activit\u00e9s de recherche, men\u00e9es \u00e0 l&#8217;aide de m\u00e9thodologies qualitatives et quantitatives, elle est impliqu\u00e9e dans divers projets d&#8217;application, dans lesquels ses connaissances se refl\u00e8tent dans les pratiques de d\u00e9veloppement organisationnel et de soutien au d\u00e9veloppement personnel, \u00e0 travers la conception et le suivi de parcours d&#8217;orientation et de formation. Pour l&#8217;universit\u00e9 de Turin, elle suit plusieurs projets sur les comp\u00e9tences transversales (par exemple Passport; <a href=\"https:\/\/www.passport.unito.it\/\">https:\/\/www.passport.unito.it\/<\/a>). <\/p>\n<\/div>\n<\/div>\n","protected":false},"excerpt":{"rendered":"<p>Nous avons le plaisir de pr\u00e9senter les conf\u00e9renci\u00e8res et le conf\u00e9rencier invit\u00e9\u00b7e\u00b7s suivant\u00b7e\u00b7s qui animeront les s\u00e9ances pl\u00e9ni\u00e8res pr\u00e9vues au programme. Leur regard expert nous permettra d&#8217;aborder le th\u00e8me des comp\u00e9tences transversales d&#8217;une mani\u00e8re critique, constructive et innovante. Jessica McCrory Calarco University of Wisconsin-Madison Jessica Calarco est Professeure Associ\u00e9e de [&hellip;]<\/p>\n","protected":false},"author":1,"featured_media":0,"parent":0,"menu_order":0,"comment_status":"closed","ping_status":"closed","template":"pages-template.php","meta":{"footnotes":""},"class_list":["post-43","page","type-page","status-publish","hentry"],"_links":{"self":[{"href":"https:\/\/www.ssre2024.ch\/index.php\/wp-json\/wp\/v2\/pages\/43","targetHints":{"allow":["GET"]}}],"collection":[{"href":"https:\/\/www.ssre2024.ch\/index.php\/wp-json\/wp\/v2\/pages"}],"about":[{"href":"https:\/\/www.ssre2024.ch\/index.php\/wp-json\/wp\/v2\/types\/page"}],"author":[{"embeddable":true,"href":"https:\/\/www.ssre2024.ch\/index.php\/wp-json\/wp\/v2\/users\/1"}],"replies":[{"embeddable":true,"href":"https:\/\/www.ssre2024.ch\/index.php\/wp-json\/wp\/v2\/comments?post=43"}],"version-history":[{"count":12,"href":"https:\/\/www.ssre2024.ch\/index.php\/wp-json\/wp\/v2\/pages\/43\/revisions"}],"predecessor-version":[{"id":1250,"href":"https:\/\/www.ssre2024.ch\/index.php\/wp-json\/wp\/v2\/pages\/43\/revisions\/1250"}],"wp:attachment":[{"href":"https:\/\/www.ssre2024.ch\/index.php\/wp-json\/wp\/v2\/media?parent=43"}],"curies":[{"name":"wp","href":"https:\/\/api.w.org\/{rel}","templated":true}]}}