{"id":49,"date":"2023-08-02T14:03:46","date_gmt":"2023-08-02T12:03:46","guid":{"rendered":"https:\/\/www.ssre2024.ch\/index.php\/organisation\/"},"modified":"2023-09-27T12:13:34","modified_gmt":"2023-09-27T10:13:34","slug":"organisation","status":"publish","type":"page","link":"https:\/\/www.ssre2024.ch\/index.php\/organisation\/?lang=fr","title":{"rendered":"Organisation"},"content":{"rendered":"\n<p>La conf\u00e9rence de la Soci\u00e9t\u00e9 suisse pour la recherche en \u00e9ducation (SSRE) 2024 est dirig\u00e9e et organis\u00e9e par le D\u00e9partement formation et apprentissage\/Haute \u00e9cole p\u00e9dagogique (DFAE\/ASP) de la SUPSI, la Haute \u00e9cole f\u00e9d\u00e9rale en formation professionnelle (HEFP) et la Soci\u00e9t\u00e9 suisse pour la formation des enseignantes et enseignants (SSFI).<\/p>\n\n<h2 class=\"wp-block-heading\">Comit\u00e9 d&#8217;organisation<\/h2>\n\n<p>Masiar Babazadeh SUPSI-DFA\/ASP<br\/>Elena Boldrini SUFFP<br\/>Luca Botturi SUPSI-DFA\/ASP<br\/>Alberto Cattaneo SUFFP<br\/>Alberto Crescentini SUPSI-DFA\/ASP<br\/>Francesco Galetta SUFFP<br\/>Stefano Losa SUPSI-DFA\/ASP et SSRE, Conference Chair<br\/>Fabio Merlini SUFFP <br\/>Viviana Sappa SUFFP <br\/>Katja Vanini De Carlo SUPSI-DFA\/ASP<br\/>Monika Wicki SSFE<\/p>\n\n<h2 class=\"wp-block-heading\">Contact<\/h2>\n\n<p>Sabrina Migani<br\/>Secr\u00e9tariat<\/p>\n\n<p>Dipartimento formazione e apprendimento \/ Alta scuola pedagogica della SUPSI<br\/>Piazza San Francesco 19<br\/>CH-6600 Locarno<\/p>\n\n<p>email: <a href=\"mailto:ssre2024@supsi.ch\">ssre2024@supsi.ch<\/a><\/p>\n","protected":false},"excerpt":{"rendered":"<p>La conf\u00e9rence de la Soci\u00e9t\u00e9 suisse pour la recherche en \u00e9ducation (SSRE) 2024 est dirig\u00e9e et organis\u00e9e par le D\u00e9partement formation et apprentissage\/Haute \u00e9cole p\u00e9dagogique (DFAE\/ASP) de la SUPSI, la Haute \u00e9cole f\u00e9d\u00e9rale en formation professionnelle (HEFP) et la Soci\u00e9t\u00e9 suisse pour la formation des enseignantes et enseignants (SSFI). Comit\u00e9 [&hellip;]<\/p>\n","protected":false},"author":1,"featured_media":0,"parent":0,"menu_order":0,"comment_status":"closed","ping_status":"closed","template":"pages-template.php","meta":{"footnotes":""},"class_list":["post-49","page","type-page","status-publish","hentry"],"_links":{"self":[{"href":"https:\/\/www.ssre2024.ch\/index.php\/wp-json\/wp\/v2\/pages\/49","targetHints":{"allow":["GET"]}}],"collection":[{"href":"https:\/\/www.ssre2024.ch\/index.php\/wp-json\/wp\/v2\/pages"}],"about":[{"href":"https:\/\/www.ssre2024.ch\/index.php\/wp-json\/wp\/v2\/types\/page"}],"author":[{"embeddable":true,"href":"https:\/\/www.ssre2024.ch\/index.php\/wp-json\/wp\/v2\/users\/1"}],"replies":[{"embeddable":true,"href":"https:\/\/www.ssre2024.ch\/index.php\/wp-json\/wp\/v2\/comments?post=49"}],"version-history":[{"count":1,"href":"https:\/\/www.ssre2024.ch\/index.php\/wp-json\/wp\/v2\/pages\/49\/revisions"}],"predecessor-version":[{"id":577,"href":"https:\/\/www.ssre2024.ch\/index.php\/wp-json\/wp\/v2\/pages\/49\/revisions\/577"}],"wp:attachment":[{"href":"https:\/\/www.ssre2024.ch\/index.php\/wp-json\/wp\/v2\/media?parent=49"}],"curies":[{"name":"wp","href":"https:\/\/api.w.org\/{rel}","templated":true}]}}