{"id":5,"date":"2023-08-02T13:55:23","date_gmt":"2023-08-02T11:55:23","guid":{"rendered":"https:\/\/www.ssre2024.ch\/?page_id=5"},"modified":"2024-07-16T14:21:05","modified_gmt":"2024-07-16T12:21:05","slug":"home","status":"publish","type":"page","link":"https:\/\/www.ssre2024.ch\/","title":{"rendered":"Home"},"content":{"rendered":"\n<p><br>Benvenute e benvenuti!<br><br>Il Dipartimento formazione e apprendimento \/ Alta scuola pedagogica (DFA\/ASP) della SUPSI, la Scuola universitaria professionale federale per la formazione (SUFFP) e la Societ\u00e0 svizzera per la formazione degli insegnanti (SSFI), vi danno il benvenuto sul sito del Congresso della Societ\u00e0 svizzera di ricerca in educazione (SSRE) 2024.<br><br>Il congresso si tiene a Locarno dal 26 al 28 giugno 2024 e si concentra sul tema <strong>\u201cLe competenze trasversali in ambito educativo e formativo: dai discorsi alle pratiche\u201d<\/strong>. <br><br>La Call for paper per la presentazione di contributi \u00e8 chiusa.<br><br>Non \u00e8 purtroppo pi\u00f9 possibile iscriversi al Congresso SSRE 2024 in quanto \u00e8 stato raggiunto il numero massimo di partecipanti. Se sei un autore o un&#8217;autrice e non sei ancora iscritto\/a, contatta la segreteria all&#8217;indirizzo: <a href=\"mailto:ssre2024@supsi.ch\">ssre2024@supsi.ch<\/a><\/p>\n\n\n\n<p><\/p>\n\n\n\n<p><\/p>\n\n\n\n<div style=\"height:46px\" aria-hidden=\"true\" class=\"wp-block-spacer\"><\/div>\n\n\n\n<h2 class=\"wp-block-heading\">Contatto<\/h2>\n\n\n\n<p>Segreteria organizzativa: <a href=\"mailto:ssre2024@supsi.ch\">ssre2024@supsi.ch<\/a><\/p>\n\n\n\n<div style=\"height:46px\" aria-hidden=\"true\" class=\"wp-block-spacer\"><\/div>\n\n\n\n<p style=\"font-size:27px\"><strong>Luoghi del congresso<\/strong><\/p>\n\n\n\n<p><strong>SUPSI &#8211; DFA\/ASP <\/strong><\/p>\n\n\n\n<p>Piazza San Francesco 19, 6600 Locarno<\/p>\n\n\n\n<p><strong>Teatro di Locarno<\/strong><\/p>\n\n\n\n<p>Largo Franco Zorzi 1, 6600 Locarno<\/p>\n\n\n\n<p><strong>PalaCinema<\/strong><\/p>\n\n\n\n<p>Piazza Remo Rossi 1, 6600 Locarno<\/p>\n\n\n\n<p><strong>BLU Restaurant &amp; Lounge<\/strong><\/p>\n\n\n\n<p>Via Gioacchino Respini 9, 6600 Locarno<\/p>\n\n\n\n<p><\/p>\n\n\n\n<div style=\"height:50px\" aria-hidden=\"true\" class=\"wp-block-spacer\"><\/div>\n","protected":false},"excerpt":{"rendered":"<p>Benvenute e benvenuti! Il Dipartimento formazione e apprendimento \/ Alta scuola pedagogica (DFA\/ASP) della SUPSI, la Scuola universitaria professionale federale per la formazione (SUFFP) e la Societ\u00e0 svizzera per la formazione degli insegnanti (SSFI), vi danno il benvenuto sul sito del Congresso della Societ\u00e0 svizzera di ricerca in educazione (SSRE) [&hellip;]<\/p>\n","protected":false},"author":1,"featured_media":0,"parent":0,"menu_order":0,"comment_status":"closed","ping_status":"closed","template":"pages-template.php","meta":{"footnotes":""},"class_list":["post-5","page","type-page","status-publish","hentry"],"_links":{"self":[{"href":"https:\/\/www.ssre2024.ch\/index.php\/wp-json\/wp\/v2\/pages\/5","targetHints":{"allow":["GET"]}}],"collection":[{"href":"https:\/\/www.ssre2024.ch\/index.php\/wp-json\/wp\/v2\/pages"}],"about":[{"href":"https:\/\/www.ssre2024.ch\/index.php\/wp-json\/wp\/v2\/types\/page"}],"author":[{"embeddable":true,"href":"https:\/\/www.ssre2024.ch\/index.php\/wp-json\/wp\/v2\/users\/1"}],"replies":[{"embeddable":true,"href":"https:\/\/www.ssre2024.ch\/index.php\/wp-json\/wp\/v2\/comments?post=5"}],"version-history":[{"count":1088,"href":"https:\/\/www.ssre2024.ch\/index.php\/wp-json\/wp\/v2\/pages\/5\/revisions"}],"predecessor-version":[{"id":1805,"href":"https:\/\/www.ssre2024.ch\/index.php\/wp-json\/wp\/v2\/pages\/5\/revisions\/1805"}],"wp:attachment":[{"href":"https:\/\/www.ssre2024.ch\/index.php\/wp-json\/wp\/v2\/media?parent=5"}],"curies":[{"name":"wp","href":"https:\/\/api.w.org\/{rel}","templated":true}]}}