{"id":56,"date":"2023-08-02T14:02:52","date_gmt":"2023-08-02T12:02:52","guid":{"rendered":"https:\/\/www.ssre2024.ch\/index.php\/vor-der-konferenz\/"},"modified":"2024-06-17T19:18:46","modified_gmt":"2024-06-17T17:18:46","slug":"vor-der-konferenz","status":"publish","type":"page","link":"https:\/\/www.ssre2024.ch\/index.php\/vor-der-konferenz\/?lang=de","title":{"rendered":"Vorkonferenz"},"content":{"rendered":"\n<h2 class=\"wp-block-heading\">SGBF-Vorkonferenz \/ Mittwoch, 26. Juni 2024<br\/>\u201cOpen Access publizieren\u201d<\/h2>\n\n<p><strong>Ort<\/strong>: SUPSI-DFA \/ ASP (Locarno)<br\/><strong>Uhrzeit<\/strong>: 14h00-17h00<br\/><strong>Organisatoren<\/strong>: Alain Pache (HEP Waadt) und Winfried Kronig (Universit\u00e4t Freiburg)<\/p>\n\n<p><strong>Zusammenfassung<\/strong>:<br\/>Le mouvement Open Science promeut la transparence et la reproductibilit\u00e9 de la recherche scientifique. Ce faisant, il induit une culture nouvelle consid\u00e9rant les connaissances scientifiques comme un bien commun, ouvert \u00e0 toutes et tous, que l\u2019on soit chercheur\u00b7euse, entrepreneur\u00b7euse ou citoyen\u00b7ne.<br\/>Quant au mouvement Open Access, il consiste \u00e0 mettre \u00e0 disposition d\u2019un large public les travaux des scientifiques. Il s\u2019appuie sur la D\u00e9claration de Berlin (2003) et la D\u00e9claration de San Francisco (2012).<br\/>Cette pr\u00e9conf\u00e9rence a pour but d\u2019expliciter ces diff\u00e9rents enjeux et de fournir les outils n\u00e9cessaires aux doctorantes et doctorants suisses, afin de favoriser une recherche durable et fiable (Rummler, 2021).<\/p>\n\n<p class=\"dfa-ellipsis-link\"><strong>Referenzen<\/strong><br\/>Barthonat, C. et al. (2024). Passeport pour la Science Ouverte : Guide pratique \u00e0 l\u2019usage des doctorantes et des doctorants. Online.<br\/><a title=\"https:\/\/www.ouvrirlascience.fr\/wp-content\/uploads\/2024\/03\/24-02-22-PSO-FR-WEB.pdf\" href=\"https:\/\/www.ouvrirlascience.fr\/wp-content\/uploads\/2024\/03\/24-02-22-PSO-FR-WEB.pdf%20\">https:\/\/www.ouvrirlascience.fr\/wp-content\/uploads\/2024\/03\/24-02-22-PSO-FR-WEB.pdf  <\/a>[fran\u00e7ais]<br\/><a title=\"https:\/\/www.ouvrirlascience.fr\/wp-content\/uploads\/2024\/03\/24-02-22-PSO-EN-WEB.pdf\" href=\"https:\/\/www.ouvrirlascience.fr\/wp-content\/uploads\/2024\/03\/24-02-22-PSO-EN-WEB.pdf\">https:\/\/www.ouvrirlascience.fr\/wp-content\/uploads\/2024\/03\/24-02-22-PSO-EN-WEB.pdf<\/a> [english]<br\/>Rummler, K. (2021). Open Access Zeitschriften in den Bildungs- und Erziehungswissenschaften. Ausgew\u00e4hlte Aspekte zum Betrieb wissenschaftlicher Fachzeitschriften. Schweizerische Zeitschrift f\u00fcr Bildungswissenschaften 43 (1), 116-128. <a href=\"https:\/\/doi.org\/10.24452\/sjer.43.1.9\">https:\/\/doi.org\/10.24452\/sjer.43.1.9<\/a><br\/>Swissuniversities. 2017. Swiss National Open Access Strategy. Online.<br\/><a title=\"www.swissuniversities.ch\/fileadmin\/swissuniversities\/Dokumente\/Hochschulpolitik\/Open_Access\/Open_Access_strategy_final_e.pdf\" href=\"https:\/\/www.swissuniversities.ch\/fileadmin\/swissuniversities\/Dokumente\/Hochschulpolitik\/Open_Access\/Open_Access_strategy_final_e.pdf\">https:\/\/www.swissuniversities.ch\/fileadmin\/swissuniversities\/Dokumente\/Hochschulpolitik\/Open_Access\/Open_Access_strategy_final_e.pdf<\/a><br\/>Swiss National Science Foundation (SNSF). Open Access \u2013 home. Online.<br\/><a href=\"https:\/\/oa100.snf.ch\/en\/home-en\/\">https:\/\/oa100.snf.ch\/en\/home-en\/<\/a><\/p>\n\n<h2 class=\"wp-block-heading\"><strong>Programm<\/strong><\/h2>\n\n<p>14:00: Empfang, Begr\u00fcssung (Winfried Kronig und Alain Pache, SGBF\/SSRE)<\/p>\n\n<p>14:15: Konferenz 1 (auf Franz\u00f6sisch): Ermeline Jaggi (HEP Waadt)<\/p>\n\n<p>14.45: Konferenz 2 (auf Deutsch): Klaus Rummler (PH Z\u00fcrich)<\/p>\n\n<p>15.15: Pause<\/p>\n\n<p>15.45: Workshops in Untergruppen<\/p>\n\n<p>17.00: Ende der Veranstaltung<\/p>\n\n<p>Die Teilnahme an der Vorkonferenz ist kostenlos. Bitte melden Sie sich bis zum <strong> 20 Juni<\/strong> unter anne-sophie.gavin@hepl.ch an. <\/p>\n\n<p><strong>Die Vorkonferenz richtet sich an<\/strong>:<br\/>Doktorandinnen und Doktoranden an Schweizer Universit\u00e4ten.<\/p>\n\n<p><strong>Art der Veranstaltung<\/strong>:<br\/>Zwei Kurzvortr\u00e4ge mit Open-Access-Spezialisten, gefolgt von einem Workshop in Kleingruppen, um den Doktoranden die M\u00f6glichkeit zu geben, Verbindungen zu ihrer Praxis herzustellen.<\/p>\n\n<h2 class=\"wp-block-heading\">Zusammenfassung der Konferenz<\/h2>\n\n<p><span style=\"text-decoration: underline;\">Konferenz 1<\/span> : Ermeline Jaggi (HEP Waadt)<br\/>\u00ab Faire le choix de la publication ouverte en d\u00e9but de carri\u00e8re acad\u00e9mique \u00bb<br\/>La mise \u00e0 disposition imm\u00e9diate, gratuite et permanente des publications scientifiques (Open Access) est un axe important du mouvement en faveur de l\u2019Open Science, qui vise \u00e0 reformer l\u2019ensemble du syst\u00e8me scientifique mondial en renfor\u00e7ant l\u2019action, la transparence et la reproductibilit\u00e9 de la recherche, de mani\u00e8re durable et \u00e9quitable. En adh\u00e9rant \u00e0 ces principes, les jeunes chercheur.e.s deviennent des acteur.rice.s essentiel.le.s de ce changement et contribuent de mani\u00e8re d\u00e9cisive \u00e0 l\u2019\u00e9volution des pratiques. Si cela peut repr\u00e9senter une r\u00e9elle opportunit\u00e9 pour leur carri\u00e8re, certaines craintes persistent et il peut \u00eatre compliqu\u00e9 de naviguer dans le monde complexe de l\u2019\u00e9dition scientifique. Je pr\u00e9senterai donc les enjeux de la publication ouverte pour les jeunes chercheurs afin de pouvoir faire des choix \u00e9clair\u00e9s et s\u2019engager sereinement sur cette voie.<\/p>\n\n<p><span style=\"text-decoration: underline;\">Konferenz 2<\/span> : Klaus Rummler (P\u00e4dagogische Hochschule Z\u00fcrich)<br\/>\u00abVom Zitieren zur Publikation zur Zitation. Der Zyklus wissenschaftlicher Publikationen aus Sicht von Early Researchers am Beispiel von Open Access\u00bb<br\/>Ein wesentlicher Teil wissenschaftlicher Arbeit besteht aus der Recherche und Verarbeitung von Literatur (Zitieren), die schliesslich zur eigenen Publikation beitragen (publizieren). Diese eigene Publikation sollte g\u00fcnstigenfalls viele Lesende finden, die dies wiederum in ihren Publikationen verarbeiten (Zitation). Aus scientometrischer Forschung ist deutlich, dass Open Access Publikationen h\u00e4ufiger zitiert werden als solche aus \u2018closed access\u2019 \u2013 dies sicher auch aus Gr\u00fcnden der Verf\u00fcgbarkeit im Arbeitsprozess.<br\/>Gerade f\u00fcr Early Researchers stellen sich aber zwischen diesen kurz pointierten Schritten viele Fragen wie z.B.: Aus welchen Zeitschriften oder B\u00fcchern sollte ich zitieren? In welchen Zeitschriften oder B\u00fcchern sollte ich einreichen, welche Calls (CfPs) sind relevant und an welchen Kriterien kann ich das entscheiden? Welche Bedeutung hat meine Entscheidung f\u00fcr meine Karriere (Stichwort: Datafizierung)? Welche Rolle kann eine Fachgesellschaft dabei spielen? Oder: Wie plane ich eine kumulative Dissertation?<br\/>Im Workshop werden, nach einem kurzen Input zu diesen Themen, entlang der gestellten Schritte und Fragen, kurze Arbeitsaufgaben gestellt und dann im Plenum aufgearbeitet und diskutiert. Ziel ist es, Eigenschaften des Open Access f\u00fcr den je eigenen Arbeitsprozess zu explorieren.<\/p>\n","protected":false},"excerpt":{"rendered":"<p>SGBF-Vorkonferenz \/ Mittwoch, 26. Juni 2024\u201cOpen Access publizieren\u201d Ort: SUPSI-DFA \/ ASP (Locarno)Uhrzeit: 14h00-17h00Organisatoren: Alain Pache (HEP Waadt) und Winfried Kronig (Universit\u00e4t Freiburg) Zusammenfassung:Le mouvement Open Science promeut la transparence et la reproductibilit\u00e9 de la recherche scientifique. Ce faisant, il induit une culture nouvelle consid\u00e9rant les connaissances scientifiques comme un [&hellip;]<\/p>\n","protected":false},"author":1,"featured_media":0,"parent":0,"menu_order":0,"comment_status":"closed","ping_status":"closed","template":"pages-template.php","meta":{"footnotes":""},"class_list":["post-56","page","type-page","status-publish","hentry"],"_links":{"self":[{"href":"https:\/\/www.ssre2024.ch\/index.php\/wp-json\/wp\/v2\/pages\/56","targetHints":{"allow":["GET"]}}],"collection":[{"href":"https:\/\/www.ssre2024.ch\/index.php\/wp-json\/wp\/v2\/pages"}],"about":[{"href":"https:\/\/www.ssre2024.ch\/index.php\/wp-json\/wp\/v2\/types\/page"}],"author":[{"embeddable":true,"href":"https:\/\/www.ssre2024.ch\/index.php\/wp-json\/wp\/v2\/users\/1"}],"replies":[{"embeddable":true,"href":"https:\/\/www.ssre2024.ch\/index.php\/wp-json\/wp\/v2\/comments?post=56"}],"version-history":[{"count":27,"href":"https:\/\/www.ssre2024.ch\/index.php\/wp-json\/wp\/v2\/pages\/56\/revisions"}],"predecessor-version":[{"id":1764,"href":"https:\/\/www.ssre2024.ch\/index.php\/wp-json\/wp\/v2\/pages\/56\/revisions\/1764"}],"wp:attachment":[{"href":"https:\/\/www.ssre2024.ch\/index.php\/wp-json\/wp\/v2\/media?parent=56"}],"curies":[{"name":"wp","href":"https:\/\/api.w.org\/{rel}","templated":true}]}}