{"id":62,"date":"2023-08-02T13:55:23","date_gmt":"2023-08-02T11:55:23","guid":{"rendered":"https:\/\/www.ssre2024.ch\/index.php\/home\/"},"modified":"2024-07-16T14:21:47","modified_gmt":"2024-07-16T12:21:47","slug":"home","status":"publish","type":"page","link":"https:\/\/www.ssre2024.ch\/index.php\/home\/?lang=de","title":{"rendered":"Home"},"content":{"rendered":"\n<p><br\/>Willkommen!<br\/><br\/>Das Departement Bildung und Lehre\/ P\u00e4dagogische Hochschule (DFA\/ASP) der SUPSI, die Eidgen\u00f6ssische Hochschule f\u00fcr Berufsbildung (EHB) und der Schweizerischen Gesellschaft f\u00fcr Lehrerinnen- und Lehrerbildung (SGL) heissen Sie herzlich willkommen auf der Webseite des Kongresses der Schweizerischen Gesellschaft f\u00fcr Bildungsforschung (SGBF) 2024.<br\/><br\/>Der Kongress findet vom 26. bis 28. Juni 2024 in Locarno statt und befasst sich mit dem Thema <strong>\u201cTransversale Kompetenzen in der allgemeinen und beruflichen Bildung: vom Diskurs zur Praxis \u201d.<\/strong> <br\/><br\/>Der Aufruf zur Einreichung von Beitr\u00e4gen ist abgeschlossen.<br\/><br\/>Es ist leider nicht mehr m\u00f6glich, sich f\u00fcr den SSRE-Kongress 2024 anzumelden, da die maximale Teilnehmerzahl erreicht worden ist. Wenn Sie ein Autor sind und sich noch nicht angemeldet haben, wenden Sie sich bitte an das Sekretariat: <a href=\"mailto:ssre2024@supsi.ch\">ssre2024@supsi.ch<\/a><\/p>\n\n<p><\/p>\n\n<p><\/p>\n\n<div style=\"height:46px\" aria-hidden=\"true\" class=\"wp-block-spacer\"><\/div>\n\n<h2 class=\"wp-block-heading\">Kontakt<\/h2>\n\n<p>Organisatorisches Sekretariat: <a href=\"mailto:ssre2024@supsi.ch\">ssre2024@supsi.ch<\/a><\/p>\n\n<div style=\"height:46px\" aria-hidden=\"true\" class=\"wp-block-spacer\"><\/div>\n\n<p style=\"font-size:27px\"><strong>Kongressorte<\/strong><\/p>\n\n<p><strong>SUPSI &#8211; DFA\/ASP <\/strong><\/p>\n\n<p>Piazza San Francesco 19, 6600 Locarno<\/p>\n\n<p><strong>Teatro di Locarno<\/strong><\/p>\n\n<p>Largo Franco Zorzi 1, 6600 Locarno<\/p>\n\n<p><strong>PalaCinema<\/strong><\/p>\n\n<p>Piazza Remo Rossi 1, 6600 Locarno<\/p>\n\n<p><strong>BLU Restaurant &amp; Lounge<\/strong><\/p>\n\n<p>Via Gioacchino Respini 9, 6600 Locarno<\/p>\n\n<p><\/p>\n\n<div style=\"height:50px\" aria-hidden=\"true\" class=\"wp-block-spacer\"><\/div>\n","protected":false},"excerpt":{"rendered":"<p>Willkommen! Das Departement Bildung und Lehre\/ P\u00e4dagogische Hochschule (DFA\/ASP) der SUPSI, die Eidgen\u00f6ssische Hochschule f\u00fcr Berufsbildung (EHB) und der Schweizerischen Gesellschaft f\u00fcr Lehrerinnen- und Lehrerbildung (SGL) heissen Sie herzlich willkommen auf der Webseite des Kongresses der Schweizerischen Gesellschaft f\u00fcr Bildungsforschung (SGBF) 2024. Der Kongress findet vom 26. bis 28. Juni [&hellip;]<\/p>\n","protected":false},"author":1,"featured_media":0,"parent":0,"menu_order":0,"comment_status":"closed","ping_status":"closed","template":"pages-template.php","meta":{"footnotes":""},"class_list":["post-62","page","type-page","status-publish","hentry"],"_links":{"self":[{"href":"https:\/\/www.ssre2024.ch\/index.php\/wp-json\/wp\/v2\/pages\/62","targetHints":{"allow":["GET"]}}],"collection":[{"href":"https:\/\/www.ssre2024.ch\/index.php\/wp-json\/wp\/v2\/pages"}],"about":[{"href":"https:\/\/www.ssre2024.ch\/index.php\/wp-json\/wp\/v2\/types\/page"}],"author":[{"embeddable":true,"href":"https:\/\/www.ssre2024.ch\/index.php\/wp-json\/wp\/v2\/users\/1"}],"replies":[{"embeddable":true,"href":"https:\/\/www.ssre2024.ch\/index.php\/wp-json\/wp\/v2\/comments?post=62"}],"version-history":[{"count":31,"href":"https:\/\/www.ssre2024.ch\/index.php\/wp-json\/wp\/v2\/pages\/62\/revisions"}],"predecessor-version":[{"id":1826,"href":"https:\/\/www.ssre2024.ch\/index.php\/wp-json\/wp\/v2\/pages\/62\/revisions\/1826"}],"wp:attachment":[{"href":"https:\/\/www.ssre2024.ch\/index.php\/wp-json\/wp\/v2\/media?parent=62"}],"curies":[{"name":"wp","href":"https:\/\/api.w.org\/{rel}","templated":true}]}}