{"id":66,"date":"2023-08-02T14:02:18","date_gmt":"2023-08-02T12:02:18","guid":{"rendered":"https:\/\/www.ssre2024.ch\/index.php\/plan\/"},"modified":"2024-05-08T09:48:53","modified_gmt":"2024-05-08T07:48:53","slug":"plan","status":"publish","type":"page","link":"https:\/\/www.ssre2024.ch\/index.php\/plan\/?lang=fr","title":{"rendered":"Programme"},"content":{"rendered":"\n<p>Le congr\u00e8s aura lieu du mercredi 26 au vendredi 28 juin 2024. Le programme comprend des conf\u00e9rences pl\u00e9ni\u00e8res et des sessions parall\u00e8les d\u00e9di\u00e9es \u00e0 la pr\u00e9sentation et \u00e0 la discussion des contributions.<\/p>\n\n<div style=\"height:34px\" aria-hidden=\"true\" class=\"wp-block-spacer\"><\/div>\n\n<div class=\"wp-block-buttons is-layout-flex wp-block-buttons-is-layout-flex\">\n<div class=\"wp-block-button\"><a class=\"wp-block-button__link wp-element-button\" href=\"https:\/\/www.conftool.com\/ssre2024\/index.php?page=browseSessions&amp;amp;lang=2\">Programme<\/a><\/div>\n<\/div>\n\n<div style=\"height:34px\" aria-hidden=\"true\" class=\"wp-block-spacer\"><\/div>\n\n<h2 class=\"wp-block-heading\">Annonce<\/h2>\n\n<p>Nous vous informons que le Prof. Gian Piero Quaglino ne pourra pas donner sa conf\u00e9rence intitul\u00e9e &#8220;Des comp\u00e9tences transversales au d\u00e9veloppement personnel&#8221; pr\u00e9vue le vendredi 28 juin de 14h \u00e0 15h. La conf\u00e9rence pl\u00e9ni\u00e8re sera maintenue (date et heure inchang\u00e9es) et sera donn\u00e9e par Chiara Ghislieri, Professeure de psychologie \u00e0 l&#8217;Universit\u00e0 degli studi de Turin, sous le titre &#8220;Comp\u00e9tences transversales et d\u00e9veloppement personnel : une perspective psychologique&#8221;.<\/p>\n\n<p><\/p>\n\n<h2 class=\"wp-block-heading\">World Caf\u00e9<\/h2>\n\n<p>Un autre mode de participation innovant est propos\u00e9 \u00e0 travers l&#8217;organisation d&#8217;un World Caf\u00e9 intitul\u00e9 &#8220;Synergies pour le d\u00e9veloppement des comp\u00e9tences transversales&#8221;, ouvert \u00e0 toute personne souhaitant contribuer de mani\u00e8re novatrice et collaborative \u00e0 une r\u00e9flexion sur la question suivante : &#8220;\u00c9coles, familles, travail et soci\u00e9t\u00e9 civile : quelles sont les synergies n\u00e9cessaires au d\u00e9veloppement des comp\u00e9tences transversales ?&#8221; L&#8217;inscription \u00e0 la session sp\u00e9ciale du World Caf\u00e9 peut se faire lors de l&#8217;inscription au Congr\u00e8s. De plus amples informations suivront.<\/p>\n\n<h2 class=\"wp-block-heading\">Pr\u00e9-conf\u00e9rence<\/h2>\n\n<p>Le mercredi 26 juin durant l&#8217;apr\u00e8s-midi aura lieu une demi-journ\u00e9e SSRE destin\u00e9e aux doctorantes et doctorants et portera sur le th\u00e8me : &#8220;Publier en Open Access &#8220;.<\/p>\n\n<h2 class=\"wp-block-heading\">Activit\u00e9s r\u00e9cr\u00e9atives<\/h2>\n\n<p>Le jeudi 27 juin est pr\u00e9vu le <em>social dinner<\/em>. Le samedi 29 juin, dans la matin\u00e9e, une visite guid\u00e9e est organis\u00e9e sur le lac Majeur. Profitez de cette occasion et r\u00e9servez \u00e9galement votre h\u00f4tel pour le vendredi soir.<br\/><\/p>\n","protected":false},"excerpt":{"rendered":"<p>Le congr\u00e8s aura lieu du mercredi 26 au vendredi 28 juin 2024. Le programme comprend des conf\u00e9rences pl\u00e9ni\u00e8res et des sessions parall\u00e8les d\u00e9di\u00e9es \u00e0 la pr\u00e9sentation et \u00e0 la discussion des contributions. Annonce Nous vous informons que le Prof. Gian Piero Quaglino ne pourra pas donner sa conf\u00e9rence intitul\u00e9e &#8220;Des [&hellip;]<\/p>\n","protected":false},"author":1,"featured_media":0,"parent":0,"menu_order":0,"comment_status":"closed","ping_status":"closed","template":"pages-template.php","meta":{"footnotes":""},"class_list":["post-66","page","type-page","status-publish","hentry"],"_links":{"self":[{"href":"https:\/\/www.ssre2024.ch\/index.php\/wp-json\/wp\/v2\/pages\/66","targetHints":{"allow":["GET"]}}],"collection":[{"href":"https:\/\/www.ssre2024.ch\/index.php\/wp-json\/wp\/v2\/pages"}],"about":[{"href":"https:\/\/www.ssre2024.ch\/index.php\/wp-json\/wp\/v2\/types\/page"}],"author":[{"embeddable":true,"href":"https:\/\/www.ssre2024.ch\/index.php\/wp-json\/wp\/v2\/users\/1"}],"replies":[{"embeddable":true,"href":"https:\/\/www.ssre2024.ch\/index.php\/wp-json\/wp\/v2\/comments?post=66"}],"version-history":[{"count":34,"href":"https:\/\/www.ssre2024.ch\/index.php\/wp-json\/wp\/v2\/pages\/66\/revisions"}],"predecessor-version":[{"id":1283,"href":"https:\/\/www.ssre2024.ch\/index.php\/wp-json\/wp\/v2\/pages\/66\/revisions\/1283"}],"wp:attachment":[{"href":"https:\/\/www.ssre2024.ch\/index.php\/wp-json\/wp\/v2\/media?parent=66"}],"curies":[{"name":"wp","href":"https:\/\/api.w.org\/{rel}","templated":true}]}}