{"id":68,"date":"2023-08-02T14:02:18","date_gmt":"2023-08-02T12:02:18","guid":{"rendered":"https:\/\/www.ssre2024.ch\/index.php\/planen\/"},"modified":"2024-05-08T09:49:08","modified_gmt":"2024-05-08T07:49:08","slug":"planen","status":"publish","type":"page","link":"https:\/\/www.ssre2024.ch\/index.php\/planen\/?lang=de","title":{"rendered":"Kongressprogramm"},"content":{"rendered":"\n<p>Der Kongress findet von Mittwoch, 26. bis Freitag, 28. Juni 2024 statt. Das Programm umfasst Plenarsitzungen und parallele Sitzungen, die der Pr\u00e4sentation und Diskussion von Beitr\u00e4gen gewidmet sind.<\/p>\n\n<div style=\"height:34px\" aria-hidden=\"true\" class=\"wp-block-spacer\"><\/div>\n\n<div class=\"wp-block-buttons is-layout-flex wp-block-buttons-is-layout-flex\">\n<div class=\"wp-block-button\"><a class=\"wp-block-button__link wp-element-button\" href=\"https:\/\/www.conftool.com\/ssre2024\/index.php?page=browseSessions&amp;amp;lang=1\">Kongressprogramm<\/a><\/div>\n<\/div>\n\n<div style=\"height:34px\" aria-hidden=\"true\" class=\"wp-block-spacer\"><\/div>\n\n<h2 class=\"wp-block-heading\">Mitteilung<\/h2>\n\n<p>Wir m\u00f6chten Sie dar\u00fcber informieren, dass Prof. Gian Piero Quaglino seinen f\u00fcr Freitag, den 28. Juni von 14.00 bis 15.00 Uhr geplanten Vortrag mit dem Titel &#8220;Von \u00fcberfachlichen Kompetenzen zur pers\u00f6nlichen Entwicklung&#8221; nicht halten kann. Der Plenarvortrag wird beibehalten (Datum und Uhrzeit unver\u00e4ndert) und von Chiara Ghislieri, Professorin f\u00fcr Psychologie an der Universit\u00e4t Turin, unter dem Titel &#8220;\u00dcberfachliche Kompetenzen und pers\u00f6nliche Entwicklung: eine psychologische Perspektive&#8221; gehalten.<\/p>\n\n<p><\/p>\n\n<h2 class=\"wp-block-heading\">World Caf\u00e9<\/h2>\n\n<p>Eine weitere, innovative Form der Beteiligung wird durch die Organisation eines World Caf\u00e9s mit dem Titel &#8220;Synergien f\u00fcr die Entwicklung von transversale Kompetenzen&#8221; vorgeschlagen, das allen offen steht, die zu innovativen und gemeinschaftlichen \u00dcberlegungen zur Frage &#8220;Schule, Familie, Arbeit und Zivilgesellschaft: Welche Synergien sind f\u00fcr die Entwicklung von transversale Kompetenzen erforderlich?&#8221; beitragen m\u00f6chten. Die Anmeldung f\u00fcr die spezielle World-Caf\u00e9-Sitzung kann bei der Registrierung f\u00fcr die Konferenz vorgenommen werden. Weitere Informationen werden folgen.<\/p>\n\n<h2 class=\"wp-block-heading\">Vorkonferenz<\/h2>\n\n<p>Am Mittwoch, dem 26. Juni, findet nachmittags ein halbt\u00e4giges Treffen der SSRE f\u00fcr Doktoranden zum Thema &#8220;Publizieren im Open Access&#8221; statt.<\/p>\n\n<h2 class=\"wp-block-heading\">Freizeitsportliche Aktivit\u00e4ten<\/h2>\n\n<p>Das <em>social dinner<\/em> ist f\u00fcr Donnerstag, den 27. Juni, vorgesehen. F\u00fcr Samstag, den 29. Juni, ist am Vormittag eine gef\u00fchrte Besichtigung au dem Lago Maggiore geplant. Nutzen Sie diese Gelegenheit und buchen Sie auch Ihr Hotel f\u00fcr Freitagabend.<br\/><\/p>\n","protected":false},"excerpt":{"rendered":"<p>Der Kongress findet von Mittwoch, 26. bis Freitag, 28. Juni 2024 statt. Das Programm umfasst Plenarsitzungen und parallele Sitzungen, die der Pr\u00e4sentation und Diskussion von Beitr\u00e4gen gewidmet sind. Mitteilung Wir m\u00f6chten Sie dar\u00fcber informieren, dass Prof. Gian Piero Quaglino seinen f\u00fcr Freitag, den 28. Juni von 14.00 bis 15.00 Uhr [&hellip;]<\/p>\n","protected":false},"author":1,"featured_media":0,"parent":0,"menu_order":0,"comment_status":"closed","ping_status":"closed","template":"pages-template.php","meta":{"footnotes":""},"class_list":["post-68","page","type-page","status-publish","hentry"],"_links":{"self":[{"href":"https:\/\/www.ssre2024.ch\/index.php\/wp-json\/wp\/v2\/pages\/68","targetHints":{"allow":["GET"]}}],"collection":[{"href":"https:\/\/www.ssre2024.ch\/index.php\/wp-json\/wp\/v2\/pages"}],"about":[{"href":"https:\/\/www.ssre2024.ch\/index.php\/wp-json\/wp\/v2\/types\/page"}],"author":[{"embeddable":true,"href":"https:\/\/www.ssre2024.ch\/index.php\/wp-json\/wp\/v2\/users\/1"}],"replies":[{"embeddable":true,"href":"https:\/\/www.ssre2024.ch\/index.php\/wp-json\/wp\/v2\/comments?post=68"}],"version-history":[{"count":27,"href":"https:\/\/www.ssre2024.ch\/index.php\/wp-json\/wp\/v2\/pages\/68\/revisions"}],"predecessor-version":[{"id":1292,"href":"https:\/\/www.ssre2024.ch\/index.php\/wp-json\/wp\/v2\/pages\/68\/revisions\/1292"}],"wp:attachment":[{"href":"https:\/\/www.ssre2024.ch\/index.php\/wp-json\/wp\/v2\/media?parent=68"}],"curies":[{"name":"wp","href":"https:\/\/api.w.org\/{rel}","templated":true}]}}