{"id":72,"date":"2023-08-02T14:02:37","date_gmt":"2023-08-02T12:02:37","guid":{"rendered":"https:\/\/www.ssre2024.ch\/index.php\/theme\/"},"modified":"2024-06-26T09:40:45","modified_gmt":"2024-06-26T07:40:45","slug":"theme","status":"publish","type":"page","link":"https:\/\/www.ssre2024.ch\/index.php\/theme\/?lang=fr","title":{"rendered":"Th\u00e8me du congr\u00e8s"},"content":{"rendered":"\n<h2 class=\"wp-block-heading\">Les comp\u00e9tences transversales dans l&#8217;\u00e9ducation et la formation : du discours \u00e0 la pratique<\/h2>\n\n<p>Dans les soci\u00e9t\u00e9s occidentales contemporaines, les comp\u00e9tences transversales (ou <em>soft skills<\/em>) sont souvent consid\u00e9r\u00e9es comme des ressources essentielles qui devraient permettre une plus grande flexibilit\u00e9 et la capacit\u00e9 de s&#8217;adapter aux changements rapides de la soci\u00e9t\u00e9.<\/p>\n\n<p>Dans le monde de l&#8217;\u00e9ducation, le th\u00e8me des comp\u00e9tences transversales est r\u00e9current, pour ne pas dire \u00e0 la mode. Ces comp\u00e9tences pr\u00e9pareraient les individus au monde adulte et en particulier \u00e0 celui du travail.<\/p>\n\n<p>Aussi, elles font l&#8217;objet d&#8217;une cat\u00e9gorisation et d&#8217;une formalisation croissantes, et trouvent leur place dans les diff\u00e9rents programmes et curricula en tant que comp\u00e9tences objectivables, identifiables et par cons\u00e9quent entra\u00eenables En particulier, la litt\u00e9rature regorge de d\u00e9finitions et de listes de ces comp\u00e9tences transversales : ce qu&#8217;elles devraient \u00eatre, quelle est leur nature, comment elles devraient \u00eatre promues et\/ou d\u00e9velopp\u00e9es. . Malgr\u00e9 cette centralit\u00e9, les comp\u00e9tences transversales restent un univers polys\u00e9mique, une construction th\u00e9orique et discursive qui n&#8217;est pas facile \u00e0 comprendre. Elles sont souvent brandies comme une solution miraculeuse pour aborder des probl\u00e8mes complexes et tendent \u00e0 repr\u00e9senter une injonction \u00e9ducative et de formation pleine de promesses et de potentiel, qui, cependant, dans les phases d&#8217;application, se traduit souvent par des approches encore li\u00e9es \u00e0 des objectifs et \u00e0 des contenus disciplinaires plus traditionnels.<\/p>\n\n<p>Si de telles comp\u00e9tences sont effectivement utiles dans le monde de l&#8217;\u00e9cole et dans la vie quotidienne, il est \u00e9galement important aller au-del\u00e0 des d\u00e9finitions rh\u00e9toriques et des applications d&#8217;usage imm\u00e9diat et se donner le temps et les moyens d&#8217;analyser et de comprendre les obstacles, les aspects critiques et, plus g\u00e9n\u00e9ralement, les zones de tension que les nombreux discours sur les comp\u00e9tences transversales tendent \u00e0 occulter.<\/p>\n\n<p>Le Congr\u00e8s de la Soci\u00e9t\u00e9 suisse de recherche en \u00e9ducation 2024 entend offrir une occasion privil\u00e9gi\u00e9e de discuter des comp\u00e9tences transversales de mani\u00e8re approfondie et critique, de comprendre le r\u00f4le r\u00e9el et concret qu&#8217;elles jouent dans le monde de l&#8217;\u00e9cole et de la formation, de th\u00e9matiser les bonnes pratiques et les moyens de les d\u00e9velopper, ainsi que d&#8217;identifier et de saisir les b\u00e9n\u00e9fices r\u00e9els qu&#8217;elles pourraient apporter dans les sph\u00e8res de l&#8217;\u00e9ducation et de la formation.<\/p>\n\n<div style=\"height:50px\" aria-hidden=\"true\" class=\"wp-block-spacer\"><\/div>\n\n<div class=\"wp-block-buttons is-layout-flex wp-block-buttons-is-layout-flex\">\n<div class=\"wp-block-button\"><a class=\"wp-block-button__link wp-element-button\" href=\"https:\/\/www.ssre2024.ch\/wp-content\/uploads\/2024\/05\/2024_Congresso_SSRE_book_of_abstract_A4-v-5.pdf\">Book of Abstracts<\/a><\/div>\n<\/div>\n","protected":false},"excerpt":{"rendered":"<p>Les comp\u00e9tences transversales dans l&#8217;\u00e9ducation et la formation : du discours \u00e0 la pratique Dans les soci\u00e9t\u00e9s occidentales contemporaines, les comp\u00e9tences transversales (ou soft skills) sont souvent consid\u00e9r\u00e9es comme des ressources essentielles qui devraient permettre une plus grande flexibilit\u00e9 et la capacit\u00e9 de s&#8217;adapter aux changements rapides de la soci\u00e9t\u00e9. [&hellip;]<\/p>\n","protected":false},"author":1,"featured_media":0,"parent":0,"menu_order":0,"comment_status":"closed","ping_status":"closed","template":"pages-template.php","meta":{"footnotes":""},"class_list":["post-72","page","type-page","status-publish","hentry"],"_links":{"self":[{"href":"https:\/\/www.ssre2024.ch\/index.php\/wp-json\/wp\/v2\/pages\/72","targetHints":{"allow":["GET"]}}],"collection":[{"href":"https:\/\/www.ssre2024.ch\/index.php\/wp-json\/wp\/v2\/pages"}],"about":[{"href":"https:\/\/www.ssre2024.ch\/index.php\/wp-json\/wp\/v2\/types\/page"}],"author":[{"embeddable":true,"href":"https:\/\/www.ssre2024.ch\/index.php\/wp-json\/wp\/v2\/users\/1"}],"replies":[{"embeddable":true,"href":"https:\/\/www.ssre2024.ch\/index.php\/wp-json\/wp\/v2\/comments?post=72"}],"version-history":[{"count":0,"href":"https:\/\/www.ssre2024.ch\/index.php\/wp-json\/wp\/v2\/pages\/72\/revisions"}],"wp:attachment":[{"href":"https:\/\/www.ssre2024.ch\/index.php\/wp-json\/wp\/v2\/media?parent=72"}],"curies":[{"name":"wp","href":"https:\/\/api.w.org\/{rel}","templated":true}]}}