{"id":74,"date":"2023-08-02T14:02:37","date_gmt":"2023-08-02T12:02:37","guid":{"rendered":"https:\/\/www.ssre2024.ch\/index.php\/thema\/"},"modified":"2024-06-26T09:41:15","modified_gmt":"2024-06-26T07:41:15","slug":"thema","status":"publish","type":"page","link":"https:\/\/www.ssre2024.ch\/index.php\/thema\/?lang=de","title":{"rendered":"Themen"},"content":{"rendered":"\n<h2 class=\"wp-block-heading\">Transversale Kompetenzen in der allgemeinen und beruflichen Bildung: vom Diskurs zur Praxis<\/h2>\n\n<p>In den westlichen Gesellschaften werden transversale Kompetenzen (oder <em>Soft Skills<\/em>) als wesentliche Ressourcen angesehen, die eine gr\u00f6\u00dfere Flexibilit\u00e4t und die F\u00e4higkeit zur Anpassung an den raschen Wandel in der Gesellschaft erm\u00f6glichen sollen.<\/p>\n\n<p>Auch im Bildungsbereich ist das Thema der transversalen Kompetenzen pr\u00e4sent, um nicht zu sagen in Mode. Diese Kompetenzen sollen die jungen Menschen auf die Welt der Erwachsenen und insbesondere auf die Arbeitswelt vorbereiten.<\/p>\n\n<p>Au\u00dferdem werden diese transversalen Kompetenzen Gegenstand einer zunehmenden Kategorisierung und Formalisierung und finden in den verschiedenen Programmen und Lehrpl\u00e4nen ihren Platz als objektivierbare, identifizierbare und folglich trainierbare Kompetenzen. Die Literatur ist ges\u00e4ttigt von Definitionen und Auflistungen solcher transversalen Kompetenzen: was sie sein sollten, was ihre Natur ist, wie sie gef\u00f6rdert und\/oder entwickelt werden sollten. Trotz dieser zentralen Bedeutung bleiben die Querschnittskompetenzen ein polysemisches Universum, ein theoretisches und diskursives Konstrukt, das nicht leicht zu verstehen ist. Sie werden oft als wundersame L\u00f6sung f\u00fcr die Bew\u00e4ltigung komplexer Probleme angepriesen und stellen eine vielversprechende und potenzialreiche Bildungs- und Ausbildungsanweisung dar, die jedoch in den Phasen der Anwendung oft zu Ans\u00e4tzen f\u00fchrt, die immer noch mit traditionelleren disziplin\u00e4ren Zielen und Inhalten verbunden sind.<\/p>\n\n<p>Wenn es sich tats\u00e4chlich um n\u00fctzliche F\u00e4higkeiten handelt, die sowohl in der Schule als auch im Alltag entwickelt und angewandt werden sollten, ist es auch wichtig, \u00fcber rhetorische Definitionen und Anwendungen von unmittelbarem Nutzen hinauszugehen und sich die Zeit und die Mittel zu geben, um die Hindernisse, die kritischen Aspekte und ganz allgemein die Spannungsfelder zu analysieren und zu verstehen, die sich in den zahlreichen Diskursen \u00fcber transversale Kompetenzen gerne verschwiegen werden.<\/p>\n\n<p>In diesem Sinne will der Kongress der Schweizerischen Gesellschaft f\u00fcr Bildungsforschung 2024 eine privilegierte Gelegenheit bieten, die transversalen Kompetenzen eingehend und kritisch zu diskutieren, die reale und konkrete Rolle zu verstehen, die sie in der Welt der Schul- und Berufsbildung spielen, ihre bew\u00e4hrten Praktiken und die Wege zu ihrer Entwicklung zu thematisieren und den realen Nutzen zu erkennen und zu begreifen, den sie im Bildungs- und Ausbildungsbereich bringen k\u00f6nnten.<\/p>\n\n<div style=\"height:50px\" aria-hidden=\"true\" class=\"wp-block-spacer\"><\/div>\n\n<div class=\"wp-block-buttons is-layout-flex wp-block-buttons-is-layout-flex\">\n<div class=\"wp-block-button\"><a class=\"wp-block-button__link wp-element-button\" href=\"https:\/\/www.ssre2024.ch\/wp-content\/uploads\/2024\/05\/2024_Congresso_SSRE_book_of_abstract_A4-v-5.pdf\">Book of Abstracts<\/a><\/div>\n<\/div>\n","protected":false},"excerpt":{"rendered":"<p>Transversale Kompetenzen in der allgemeinen und beruflichen Bildung: vom Diskurs zur Praxis In den westlichen Gesellschaften werden transversale Kompetenzen (oder Soft Skills) als wesentliche Ressourcen angesehen, die eine gr\u00f6\u00dfere Flexibilit\u00e4t und die F\u00e4higkeit zur Anpassung an den raschen Wandel in der Gesellschaft erm\u00f6glichen sollen. Auch im Bildungsbereich ist das Thema [&hellip;]<\/p>\n","protected":false},"author":1,"featured_media":0,"parent":0,"menu_order":0,"comment_status":"closed","ping_status":"closed","template":"pages-template.php","meta":{"footnotes":""},"class_list":["post-74","page","type-page","status-publish","hentry"],"_links":{"self":[{"href":"https:\/\/www.ssre2024.ch\/index.php\/wp-json\/wp\/v2\/pages\/74","targetHints":{"allow":["GET"]}}],"collection":[{"href":"https:\/\/www.ssre2024.ch\/index.php\/wp-json\/wp\/v2\/pages"}],"about":[{"href":"https:\/\/www.ssre2024.ch\/index.php\/wp-json\/wp\/v2\/types\/page"}],"author":[{"embeddable":true,"href":"https:\/\/www.ssre2024.ch\/index.php\/wp-json\/wp\/v2\/users\/1"}],"replies":[{"embeddable":true,"href":"https:\/\/www.ssre2024.ch\/index.php\/wp-json\/wp\/v2\/comments?post=74"}],"version-history":[{"count":12,"href":"https:\/\/www.ssre2024.ch\/index.php\/wp-json\/wp\/v2\/pages\/74\/revisions"}],"predecessor-version":[{"id":1799,"href":"https:\/\/www.ssre2024.ch\/index.php\/wp-json\/wp\/v2\/pages\/74\/revisions\/1799"}],"wp:attachment":[{"href":"https:\/\/www.ssre2024.ch\/index.php\/wp-json\/wp\/v2\/media?parent=74"}],"curies":[{"name":"wp","href":"https:\/\/api.w.org\/{rel}","templated":true}]}}