{"id":99,"date":"2023-08-28T11:39:41","date_gmt":"2023-08-28T09:39:41","guid":{"rendered":"https:\/\/www.ssre2024.ch\/?page_id=99"},"modified":"2023-09-11T16:33:33","modified_gmt":"2023-09-11T14:33:33","slug":"disclaimer","status":"publish","type":"page","link":"https:\/\/www.ssre2024.ch\/index.php\/disclaimer\/","title":{"rendered":"Informativa privacy"},"content":{"rendered":"\n<h3 class=\"wp-block-heading\">Preambolo<\/h3>\n\n\n\n<p>La SUPSI si impegna a proteggere la privacy, del corpo studentesco, del personale accademico e tecnico-amministrativo, degli alumni e di tutte le altre persone con cui interagisce.<br>La presente Informativa illustra come la SUPSI raccoglie, tratta i dati personali in conformit\u00e0 alla legislazione relativa alla protezione dei dati, in particolare alla Legge cantonale e federale sulla protezione dei dati, nonch\u00e9 i relativi regolamenti.<br>La SUPSI \u00e8 responsabile del trattamento e della protezione dei dati raccolti per lo svolgimento dei suoi compiti legali. In tal senso garantisce l\u2019elaborazione dei dati nel rispetto dei motivi giustificativi, dei principi generali e degli obblighi previsti dalle normative in vigore.<\/p>\n\n\n\n<h4 class=\"wp-block-heading\">Capitolo 1 \u2013 Definizioni<\/h4>\n\n\n\n<p>In questa Informativa, i seguenti termini hanno il seguente significato:<\/p>\n\n\n\n<ul class=\"wp-block-list\">\n<li>\u201cDati personali\u201d: qualsiasi informazione che si riferisce a una persona identificata o identificabile;&nbsp;<\/li>\n\n\n\n<li>\u201cTrattamento\/Elaborazione\u201d: qualsiasi operazione o insieme di operazioni effettuate sui dati personali, compresa la raccolta, l\u2019uso, la conservazione e la divulgazione di dati personali;<\/li>\n\n\n\n<li>\u201cPersona interessata\u201d: persona fisica a cui si riferiscono i dati personali.<\/li>\n<\/ul>\n\n\n\n<h4 class=\"wp-block-heading\">Capitolo 2 &#8211; Principi del trattamento dei dati personali<\/h4>\n\n\n\n<p>La SUPSI tratta i dati personali nel rispetto dei seguenti principi:<\/p>\n\n\n\n<ul class=\"wp-block-list\">\n<li>Liceit\u00e0: principio che prescrive l\u2019esame della conformit\u00e0 delle elaborazioni di dati con l\u2019insieme delle normative applicabili, e non soltanto con la legislazione sulla protezione dei dati.<\/li>\n\n\n\n<li>Trasparenza: la persona interessata deve essere adeguatamente informata (principio della buona fede).<\/li>\n\n\n\n<li>Proporzionalit\u00e0: i dati e il loro trattamento devono essere idonei e necessari.<\/li>\n\n\n\n<li>Limitata alle finalit\u00e0 indicate: protetta \u00e8 la fiducia della persona interessata nello scopo dell\u2019elaborazione legalmente previsto o deducibile dalle circostanze concrete secondo il principio della buona fede.<\/li>\n\n\n\n<li>Esattezza dei dati: i dati devono essere corretti, completi, veritieri e aggiornati.<\/li>\n<\/ul>\n\n\n\n<h4 class=\"wp-block-heading\">Capitolo 3 &#8211; Ambito di applicazione e consenso<\/h4>\n\n\n\n<p>La SUPSI pu\u00f2 raccogliere dati personali dal corpo studentesco, del personale accademico e tecnico-amministrativo, dagli alumni e altre persone con cui interagisce. La SUPSI elaborer\u00e0 solo dati personali se ha ottenuto il consenso della persona interessata o se l\u2019elaborazione \u00e8 necessaria per l\u2019esecuzione di un contratto, per il rispetto di un obbligo legale o per le finalit\u00e0 degli interessi legittimi perseguiti dalla SUPSI.<\/p>\n\n\n\n<h4 class=\"wp-block-heading\">Capitolo 4 &#8211; Raccolta e utilizzo dei dati personali<\/h4>\n\n\n\n<p>La SUPSI pu\u00f2 raccogliere in particolare dati personali come nomi, indirizzi, numeri di telefono, indirizzi e-mail e altre informazioni necessarie per l\u2019amministrazione dei programmi educativi e di ricerca di SUPSI, nonch\u00e9 per la fornitura di servizi, al corpo studentesco, al personale accademico e tecnico-amministrativo, agli alumni e ad altre persone con cui interagisce.<br>La SUPSI pu\u00f2 anche raccogliere dati personali per finalit\u00e0 di ricerca e statistica, nonch\u00e9 per il miglioramento dei suoi programmi educativi e di ricerca e dei suoi servizi.<\/p>\n\n\n\n<h4 class=\"wp-block-heading\">Capitolo 5 &#8211; Trasmissione dei dati personali<\/h4>\n\n\n\n<p>La SUPSI pu\u00f2 trasmettere dati personali a terzi come fornitori di servizi, autorit\u00e0 governative e altre organizzazioni, se necessario per l\u2019esecuzione di un contratto, per il rispetto di un obbligo legale o per le finalit\u00e0 degli interessi legittimi perseguiti da SUPSI. La SUPSI obbliga tali terze parti al rispetto delle leggi sulla protezione dei dati e l\u2019adozione le misure di sicurezza appropriate per proteggere i dati personali.<\/p>\n\n\n\n<h4 class=\"wp-block-heading\">Capitolo 6 &#8211; Sicurezza dei dati personali<\/h4>\n\n\n\n<p>La SUPSI adotta misure tecniche e organizzative adeguate al rischio, per garantire la sicurezza dei dati personali, in conformit\u00e0 con le leggi e le normative applicabili. Queste misure comprendono la protezione dei dati contro accessi non autorizzati, perdite, alterazioni o distruzioni, nonch\u00e9 la formazione dei collaboratori sulla sicurezza dei dati.<\/p>\n\n\n\n<h4 class=\"wp-block-heading\">Capitolo 7 &#8211; Conservazione dei dati personali<\/h4>\n\n\n\n<p>La SUPSI conserva i dati personali solo per il tempo necessario per raggiungere le finalit\u00e0 per cui sono stati raccolti, a meno che non sussistano obblighi legali o amministrativi che ne richiedano una conservazione pi\u00f9 lunga. Quando i dati personali non sono pi\u00f9 necessari, la SUPSI provvede a cancellarli o renderli anonimi.<\/p>\n\n\n\n<h4 class=\"wp-block-heading\">Capitolo 8 &#8211; Diritti dell&#8217;interessato<\/h4>\n\n\n\n<p>La persona interessata ha il diritto di accedere, correggere, limitare l\u2019elaborazione, richiedere la cancellazione dei propri dati personali o opporsi all\u2019elaborazione dei propri dati personali. La persona interessata pu\u00f2 esercitare questi diritti contattando&nbsp;<a href=\"mailto:privacy@supsi.ch\">privacy@supsi.ch<\/a>.<\/p>\n\n\n\n<h4 class=\"wp-block-heading\">Capitolo 9 &#8211; Trasferimento di dati personali all&#8217;estero<\/h4>\n\n\n\n<p>La SUPSI pu\u00f2 trasferire i dati personali all\u2019estero se ci\u00f2 \u00e8 necessario per raggiungere le finalit\u00e0 per cui sono stati raccolti. La SUPSI garantisce che tali trasferimenti avvengano solo in paesi che offrono un livello adeguato di protezione dei dati o che le misure di sicurezza appropriate siano state adottate per proteggere i dati personali trasferiti.<\/p>\n\n\n\n<h4 class=\"wp-block-heading\">Capitolo 10 &#8211; Cookies e tecnologie simili<\/h4>\n\n\n\n<p>La SUPSI utilizza i cookies e altre tecnologie simili per migliorare e personalizzare l\u2019esperienza degli utenti sui propri siti web. Queste tecnologie raccolgono informazioni sulle attivit\u00e0 dell\u2019utente sul sito web, come le pagine visitate, i link cliccati e il tempo trascorso sul sito. L\u2019utente pu\u00f2 scegliere di disattivare i cookies sul proprio browser, ma ci\u00f2 potrebbe limitare alcune funzionalit\u00e0 del sito web.<\/p>\n\n\n\n<h4 class=\"wp-block-heading\">Capitolo 11 &#8211; Contatti<\/h4>\n\n\n\n<p>Per qualsiasi domanda o commento sulla presente Informativa sulla privacy, la persona interessata pu\u00f2 contattare il&nbsp;<a href=\"mailto:privacy@supsi.ch\">privacy@supsi.ch<\/a>.<\/p>\n\n\n\n<h4 class=\"wp-block-heading\">Capitolo 12 &#8211; Disposizioni finali<\/h4>\n\n\n\n<p>La presente Informativa \u00e8 redatta in conformit\u00e0 con le disposizioni della legge sulla protezione dei dati e altre leggi e normative applicabili. In caso di controversie relative alla presente Informativa, La persona interessata ha il diritto di presentare un reclamo all\u2019Autorit\u00e0 competente.<br>La SUPSI si riserva il diritto di apportare modifiche alla presente Informativa, se necessario, per conformarsi alle modifiche della legge sulla protezione dei dati e altre leggi e normative applicabili.<\/p>\n\n\n\n<p>Per facilitare la lettura del presente documento, il genere maschile \u00e8 usato per designare persone e funzioni indipendentemente dal genere.<\/p>\n\n\n\n<p>Approvato dal Direttore generale della SUPSI il 21 luglio 2023. Versione 0, 1.9.2023<\/p>\n","protected":false},"excerpt":{"rendered":"<p>Preambolo La SUPSI si impegna a proteggere la privacy, del corpo studentesco, del personale accademico e tecnico-amministrativo, degli alumni e di tutte le altre persone con cui interagisce.La presente Informativa illustra come la SUPSI raccoglie, tratta i dati personali in conformit\u00e0 alla legislazione relativa alla protezione dei dati, in particolare [&hellip;]<\/p>\n","protected":false},"author":1,"featured_media":0,"parent":0,"menu_order":0,"comment_status":"closed","ping_status":"closed","template":"pages-template.php","meta":{"footnotes":""},"class_list":["post-99","page","type-page","status-publish","hentry"],"_links":{"self":[{"href":"https:\/\/www.ssre2024.ch\/index.php\/wp-json\/wp\/v2\/pages\/99","targetHints":{"allow":["GET"]}}],"collection":[{"href":"https:\/\/www.ssre2024.ch\/index.php\/wp-json\/wp\/v2\/pages"}],"about":[{"href":"https:\/\/www.ssre2024.ch\/index.php\/wp-json\/wp\/v2\/types\/page"}],"author":[{"embeddable":true,"href":"https:\/\/www.ssre2024.ch\/index.php\/wp-json\/wp\/v2\/users\/1"}],"replies":[{"embeddable":true,"href":"https:\/\/www.ssre2024.ch\/index.php\/wp-json\/wp\/v2\/comments?post=99"}],"version-history":[{"count":4,"href":"https:\/\/www.ssre2024.ch\/index.php\/wp-json\/wp\/v2\/pages\/99\/revisions"}],"predecessor-version":[{"id":258,"href":"https:\/\/www.ssre2024.ch\/index.php\/wp-json\/wp\/v2\/pages\/99\/revisions\/258"}],"wp:attachment":[{"href":"https:\/\/www.ssre2024.ch\/index.php\/wp-json\/wp\/v2\/media?parent=99"}],"curies":[{"name":"wp","href":"https:\/\/api.w.org\/{rel}","templated":true}]}}